{"id":112,"date":"2018-01-22T21:18:56","date_gmt":"2018-01-22T21:18:56","guid":{"rendered":"https:\/\/chiffondolls.ca\/fr\/?page_id=112"},"modified":"2024-07-29T17:39:29","modified_gmt":"2024-07-29T21:39:29","slug":"chatons-disponibles","status":"publish","type":"page","link":"https:\/\/chiffondolls.ca\/fr\/chatons-disponibles\/","title":{"rendered":"Chatons disponibles"},"content":{"rendered":"<p><img decoding=\"async\" class=\"size-full wp-image-113 aligncenter\" src=\"https:\/\/chiffondolls.ca\/fr\/wp-content\/uploads\/2018\/01\/barabc.gif\" alt=\"\" width=\"430\" height=\"37\" \/><\/p>\n<p style=\"text-align: center;\">Preparez-vous \u00e0 tomber en Amour!\u00a0 Ces mignonnettes sont addictives<br \/>\net s&#8217;empareront de votre coeur en un rien de temps<\/p>\n<p><img decoding=\"async\" class=\"wp-image-759 size-full aligncenter\" src=\"https:\/\/chiffondolls.ca\/fr\/wp-content\/uploads\/2024\/07\/divider1a.png\" alt=\"divider\" width=\"541\" height=\"55\" srcset=\"https:\/\/chiffondolls.ca\/fr\/wp-content\/uploads\/2024\/07\/divider1a.png 541w, https:\/\/chiffondolls.ca\/fr\/wp-content\/uploads\/2024\/07\/divider1a-450x46.png 450w, https:\/\/chiffondolls.ca\/fr\/wp-content\/uploads\/2024\/07\/divider1a-250x25.png 250w\" sizes=\"(max-width: 541px) 100vw, 541px\" \/><\/p>\n<p align=\"center\">Un d\u00e9p\u00f4t de $100 est requis pour acc\u00e9der \u00e0 notre liste d&#8217;attente<br \/>\nPour une liste de nos prix, veuillez consulter\u00a0notre page <a href=\"https:\/\/chiffondolls.ca\/fr\/adoption\/\">Adoption<\/a><\/p>\n<p align=\"center\"><span style=\"font-size: 18.6667px;\"><b>Nous n&#8217;avons pas de chatons disponibles pr\u00e9sentement.<\/b><\/span><\/p>\n<p align=\"center\"><img decoding=\"async\" class=\"wp-image-759 size-full aligncenter\" src=\"https:\/\/chiffondolls.ca\/fr\/wp-content\/uploads\/2024\/07\/divider1a.png\" alt=\"divider\" width=\"541\" height=\"55\" srcset=\"https:\/\/chiffondolls.ca\/fr\/wp-content\/uploads\/2024\/07\/divider1a.png 541w, https:\/\/chiffondolls.ca\/fr\/wp-content\/uploads\/2024\/07\/divider1a-450x46.png 450w, https:\/\/chiffondolls.ca\/fr\/wp-content\/uploads\/2024\/07\/divider1a-250x25.png 250w\" sizes=\"(max-width: 541px) 100vw, 541px\" \/><\/p>\n<p align=\"center\"><img decoding=\"async\" class=\"alignnone wp-image-115 size-full\" style=\"border: 3px solid #afaec8;\" src=\"https:\/\/chiffondolls.ca\/fr\/wp-content\/uploads\/2018\/01\/IMG_0080-3.jpg\" alt=\"\" width=\"225\" height=\"190\" srcset=\"https:\/\/chiffondolls.ca\/fr\/wp-content\/uploads\/2018\/01\/IMG_0080-3.jpg 225w, https:\/\/chiffondolls.ca\/fr\/wp-content\/uploads\/2018\/01\/IMG_0080-3-200x169.jpg 200w\" sizes=\"(max-width: 225px) 100vw, 225px\" \/><\/p>\n<p align=\"center\">Chiffondolls Miss Madisson \u00e0 l&#8217;\u00e2ge de 6 semaines<br \/>\n(Audrey x Bogart)<\/p>\n<p align=\"center\"><img decoding=\"async\" class=\"wp-image-759 size-full aligncenter\" src=\"https:\/\/chiffondolls.ca\/fr\/wp-content\/uploads\/2024\/07\/divider1a.png\" alt=\"divider\" width=\"541\" height=\"55\" srcset=\"https:\/\/chiffondolls.ca\/fr\/wp-content\/uploads\/2024\/07\/divider1a.png 541w, https:\/\/chiffondolls.ca\/fr\/wp-content\/uploads\/2024\/07\/divider1a-450x46.png 450w, https:\/\/chiffondolls.ca\/fr\/wp-content\/uploads\/2024\/07\/divider1a-250x25.png 250w\" sizes=\"(max-width: 541px) 100vw, 541px\" \/><\/p>\n<p align=\"center\">Les chatons resteront sous \u00e9valuation jusqu&#8217;\u00e0\u00a0leur 8e semaine.<br \/>\nIls seront ensuite offert dans l&#8217;ordre qui suit:<br \/>\nQualit\u00e9 Show\/\u00e9levage, Qualit\u00e9 Show\/Op\u00e9r\u00e9, Ragdoll de compagnie.<br \/>\nVeuillez nous\u00a0<a href=\"https:\/\/chiffondolls.ca\/fr\/contactez-nous\/\">contacter<\/a>\u00a0avec votre pr\u00e9f\u00e9rence et \/ ou<br \/>\npour \u00eatre ajout\u00e9 \u00e0 notre liste d&#8217;attente.<\/p>\n<p align=\"center\"><img decoding=\"async\" class=\"wp-image-759 size-full aligncenter\" src=\"https:\/\/chiffondolls.ca\/fr\/wp-content\/uploads\/2024\/07\/divider1a.png\" alt=\"divider\" width=\"541\" height=\"55\" srcset=\"https:\/\/chiffondolls.ca\/fr\/wp-content\/uploads\/2024\/07\/divider1a.png 541w, https:\/\/chiffondolls.ca\/fr\/wp-content\/uploads\/2024\/07\/divider1a-450x46.png 450w, https:\/\/chiffondolls.ca\/fr\/wp-content\/uploads\/2024\/07\/divider1a-250x25.png 250w\" sizes=\"(max-width: 541px) 100vw, 541px\" \/><\/p>\n<p align=\"center\">Nous vendons nos chatons qu&#8217;\u00e0 des foyers ou chatteries<br \/>\nque nous seul avons le droit d&#8217;approbation.<br \/>\nNous nous r\u00e9servons le droit de s\u00e9lection \/ rejet.<br \/>\nNotre premi\u00e8re priorit\u00e9 sera toujours pour le meilleur int\u00e9r\u00eat du chaton.<\/p>\n<p align=\"center\"><img loading=\"lazy\" decoding=\"async\" class=\"size-full wp-image-117 aligncenter\" src=\"https:\/\/chiffondolls.ca\/fr\/wp-content\/uploads\/2018\/01\/Baby04x2.gif\" alt=\"\" width=\"227\" height=\"51\" \/><\/p>\n<h2 align=\"center\">La premi\u00e8re port\u00e9e de Chiffondolls!!!<\/h2>\n<p align=\"center\">Nous vous pr\u00e9sentons les 5 b\u00e9b\u00e9s si pr\u00e9cieux de Coraly<\/p>\n<p align=\"center\"><img loading=\"lazy\" decoding=\"async\" class=\"aligncenter wp-image-120 size-full\" style=\"border: 3px solid #afaec8;\" src=\"https:\/\/chiffondolls.ca\/fr\/wp-content\/uploads\/2018\/01\/Coraly1stlitter0543.jpg\" alt=\"\" width=\"465\" height=\"269\" srcset=\"https:\/\/chiffondolls.ca\/fr\/wp-content\/uploads\/2018\/01\/Coraly1stlitter0543.jpg 465w, https:\/\/chiffondolls.ca\/fr\/wp-content\/uploads\/2018\/01\/Coraly1stlitter0543-200x116.jpg 200w, https:\/\/chiffondolls.ca\/fr\/wp-content\/uploads\/2018\/01\/Coraly1stlitter0543-400x231.jpg 400w\" sizes=\"(max-width: 465px) 100vw, 465px\" \/><\/p>\n<p align=\"center\">La photo a \u00e9t\u00e9 prise \u00e0 quatre jours<\/p>\n<p><img decoding=\"async\" class=\"wp-image-759 size-full aligncenter\" src=\"https:\/\/chiffondolls.ca\/fr\/wp-content\/uploads\/2024\/07\/divider1a.png\" alt=\"divider\" width=\"541\" height=\"55\" srcset=\"https:\/\/chiffondolls.ca\/fr\/wp-content\/uploads\/2024\/07\/divider1a.png 541w, https:\/\/chiffondolls.ca\/fr\/wp-content\/uploads\/2024\/07\/divider1a-450x46.png 450w, https:\/\/chiffondolls.ca\/fr\/wp-content\/uploads\/2024\/07\/divider1a-250x25.png 250w\" sizes=\"(max-width: 541px) 100vw, 541px\" \/><\/p>\n","protected":false},"excerpt":{"rendered":"<p>Preparez-vous \u00e0 tomber en Amour!\u00a0 Ces mignonnettes sont addictives et s&#8217;empareront de votre coeur en un rien de temps Un d\u00e9p\u00f4t de $100 est requis pour acc\u00e9der \u00e0 notre liste d&#8217;attente Pour une liste de nos prix, veuillez consulter\u00a0notre page Adoption Nous n&#8217;avons pas de chatons disponibles pr\u00e9sentement. Chiffondolls Miss Madisson \u00e0 l&#8217;\u00e2ge de 6 &#8230; <a title=\"Chatons disponibles\" class=\"read-more\" href=\"https:\/\/chiffondolls.ca\/fr\/chatons-disponibles\/\" aria-label=\"Read more about Chatons disponibles\">Read more<\/a><\/p>\n","protected":false},"author":1,"featured_media":0,"parent":0,"menu_order":0,"comment_status":"closed","ping_status":"closed","template":"","meta":{"footnotes":"","_wp_rev_ctl_limit":""},"class_list":["post-112","page","type-page","status-publish"],"aioseo_notices":[],"_links":{"self":[{"href":"https:\/\/chiffondolls.ca\/fr\/wp-json\/wp\/v2\/pages\/112","targetHints":{"allow":["GET"]}}],"collection":[{"href":"https:\/\/chiffondolls.ca\/fr\/wp-json\/wp\/v2\/pages"}],"about":[{"href":"https:\/\/chiffondolls.ca\/fr\/wp-json\/wp\/v2\/types\/page"}],"author":[{"embeddable":true,"href":"https:\/\/chiffondolls.ca\/fr\/wp-json\/wp\/v2\/users\/1"}],"replies":[{"embeddable":true,"href":"https:\/\/chiffondolls.ca\/fr\/wp-json\/wp\/v2\/comments?post=112"}],"version-history":[{"count":10,"href":"https:\/\/chiffondolls.ca\/fr\/wp-json\/wp\/v2\/pages\/112\/revisions"}],"predecessor-version":[{"id":773,"href":"https:\/\/chiffondolls.ca\/fr\/wp-json\/wp\/v2\/pages\/112\/revisions\/773"}],"wp:attachment":[{"href":"https:\/\/chiffondolls.ca\/fr\/wp-json\/wp\/v2\/media?parent=112"}],"curies":[{"name":"wp","href":"https:\/\/api.w.org\/{rel}","templated":true}]}}