{"id":124,"date":"2018-01-22T21:39:31","date_gmt":"2018-01-22T21:39:31","guid":{"rendered":"https:\/\/chiffondolls.ca\/fr\/?page_id=124"},"modified":"2024-07-29T17:43:56","modified_gmt":"2024-07-29T21:43:56","slug":"adoption","status":"publish","type":"page","link":"https:\/\/chiffondolls.ca\/fr\/adoption\/","title":{"rendered":"Adoption"},"content":{"rendered":"<p style=\"padding-left: 30px;\">\u00a0<img decoding=\"async\" class=\"alignnone wp-image-758 size-full\" src=\"https:\/\/chiffondolls.ca\/fr\/wp-content\/uploads\/2024\/07\/bullet2.png\" alt=\"bullet\" width=\"18\" height=\"18\" \/><strong><a href=\"#nospolitiques\">Nos Politiques<\/a><\/strong><\/p>\n<p style=\"padding-left: 90px;\"><a href=\"#Degriffage\">D\u00e9griffage<\/a><br \/>\n<a href=\"#Sterilisation\">St\u00e9rilisation en bas \u00e2ge<\/a><br \/>\n<a href=\"#Minets\">Minets d&#8217;int\u00e9rieur<\/a><br \/>\n<a href=\"#Sanscages\">Sans cages<\/a><br \/>\n<a href=\"#Transport\">Transport et assistance pour la livraison<\/a><br \/>\n<a href=\"#Garantie\">Garantie de sant\u00e9<\/a><br \/>\n<a href=\"#Vaccins\">Vaccins et examens v\u00e9t\u00e9rinaire<\/a><br \/>\n<a href=\"#Vermifuges\">Vermifuges<\/a><br \/>\n<a href=\"#Visite\">Visite de notre chatterie \/ domicile<\/a><br \/>\n<a href=\"#Leretour\">Le retour d&#8217;un Chiffondolls<\/a><\/p>\n<p style=\"padding-left: 30px;\"><strong><a href=\"#Nosprix\"><img decoding=\"async\" class=\"alignnone wp-image-758 size-full\" src=\"https:\/\/chiffondolls.ca\/fr\/wp-content\/uploads\/2024\/07\/bullet2.png\" alt=\"bullet\" width=\"18\" height=\"18\" \/>Nos prix<\/a><\/strong><\/p>\n<p style=\"padding-left: 30px;\"><strong><a href=\"#Noscontrats\"><img decoding=\"async\" class=\"alignnone wp-image-758 size-full\" src=\"https:\/\/chiffondolls.ca\/fr\/wp-content\/uploads\/2024\/07\/bullet2.png\" alt=\"bullet\" width=\"18\" height=\"18\" \/>Nos contrats<\/a><\/strong><\/p>\n<p>&nbsp;<\/p>\n<p><img decoding=\"async\" class=\"wp-image-759 size-full aligncenter\" src=\"https:\/\/chiffondolls.ca\/fr\/wp-content\/uploads\/2024\/07\/divider1a.png\" alt=\"divider\" width=\"541\" height=\"55\" srcset=\"https:\/\/chiffondolls.ca\/fr\/wp-content\/uploads\/2024\/07\/divider1a.png 541w, https:\/\/chiffondolls.ca\/fr\/wp-content\/uploads\/2024\/07\/divider1a-450x46.png 450w, https:\/\/chiffondolls.ca\/fr\/wp-content\/uploads\/2024\/07\/divider1a-250x25.png 250w\" sizes=\"(max-width: 541px) 100vw, 541px\" \/><\/p>\n<h3><\/h3>\n<h3 style=\"font-weight: 400; padding-left: 30px;\"><a id=\"nospolitiques\"><\/a>Nos Politiques<\/h3>\n<h6><\/h6>\n<h6 style=\"padding-left: 60px;\"><a id=\"Degriffage\"><\/a><img decoding=\"async\" class=\"alignnone wp-image-758 size-full\" src=\"https:\/\/chiffondolls.ca\/fr\/wp-content\/uploads\/2024\/07\/bullet2.png\" alt=\"bullet\" width=\"18\" height=\"18\" \/> Le d\u00e9griffage\u00a0&#8230; une pratique inacceptable!<\/h6>\n<p style=\"padding-left: 90px;\">Veuillez vous assurer de lire et de bien comprendre cette section avant de prendre la d\u00e9cision de vouloir adopter un Chiffondolls.\u00a0\u00a0Cette section non-n\u00e9gociable est incluse dans nos contrats que vous devez signer.<\/p>\n<p style=\"padding-left: 90px;\">Beaucoup de gens sont sous l&#8217;impression que le d\u00e9griffage est une chirurgie de routine et n&#8217;implique pas de douleurs, ou tr\u00e8s peu, pour les chats.\u00a0\u00a0Pour la plupart, ces gens ignorent que la chirurgie en tant que telle est en fait une amputation \u00e0 la premi\u00e8re jointure de chaque petit orteil.\u00a0\u00a0Chaque orteil est litt\u00e9ralement d\u00e9chir\u00e9 de leur petit corps; nous ne pouvons endosser ces mutilations barbariques et ne permettrons pas que nos chatons \/ chats endurent cette douleur extr\u00eame.<\/p>\n<p style=\"padding-left: 90px;\">Si vos intentions sont d&#8217;effectuer cette chirurgie, veuillez vous adresser \u00e0 un autre \u00e9leveur. \u00a0Un Chiffondolls n&#8217;est vraiment pas pour vous.\u00a0\u00a0De signer un contrat avec nous, pour ensuite ignorer cette clause, nous donne le droit de r\u00e9cup\u00e9rer ce minet sans que nous ayons \u00e0 vous compenser financi\u00e8rement.<\/p>\n<p style=\"padding-left: 90px;\">Les arbres \u00e0 chats, les grattoirs et les jeux semblables sont un bon investissement pour votre chaton et la protection de vos rideaux et de vos meubles.\u00a0\u00a0La taille r\u00e9guli\u00e8re des griffes est \u00e9galement toute aussi importante.\u00a0\u00a0Il est naturel pour les chats de grimper et gratter. \u00a0Donnez-leur des alternatives et pr\u00e9parez-vous \u00e0 \u00eatre patient en leur enseignement tout doucement ou il est permit de grimper et de gratter.\u00a0\u00a0Vous serez plaisamment surpris de constater la vitesse \u00e0 laquelle ils peuvent apprendre.\u00a0\u00a0Quand nos chatons quittent pour leurs nouveaux foyers, ils ont d\u00e9j\u00e0 l&#8217;habitude d&#8217;utiliser ces poteaux et diverses surfaces de grattage.\u00a0\u00a0L&#8217;adaptation dans leur nouveau foyer ne devrait pas \u00eatre tr\u00e8s difficile.<\/p>\n<p style=\"padding-left: 90px;\">Nous comprenons que plusieurs personnes font d\u00e9griffer leurs minets ne sachant pas exactement ce que \u00e7a implique; il est habituel d&#8217;entendre que quelqu&#8217;un vient de faire effectuer une chirurgie pour d\u00e9griffer leur minet. \u00a0Il y a m\u00eame certains v\u00e9t\u00e9rinaires qui l&#8217;offre et le recommande.\u00a0\u00a0Mais comme vous pouvez le constater, nous sommes tr\u00e8s passionn\u00e9s quant \u00e0 tout \u00e7a et nous ne le tol\u00e9rerons pas.<\/p>\n<p style=\"padding-left: 90px;\">L&#8217;article qui suit du Dr Jean Holve, DVM, adresse les r\u00e9alit\u00e9s du d\u00e9griffage en ce qui concerne les complications qui peuvent survenir suite \u00e0 cette chirurgie.\u00a0\u00a0L&#8217;article est reproduit (en Anglais seulement) avec la permission de l&#8217;auteur.\u00a0\u00a0Veuillez cliquer sur le titre pour ouvrir le lien :<\/p>\n<p style=\"padding-left: 90px;\"><b><a href=\"http:\/\/chiffondolls.ca\/files\/Declawin1.pdf\"><i>Declawing: A Rational Look, By Jean Hofve, DVM<\/i><\/a><\/b><\/p>\n<p style=\"padding-left: 90px;\">Pour plus d&#8217;information (en anglais) en ce qui a trait \u00e0 la sant\u00e9 f\u00e9line et le comportement, nous vous sugg\u00e9rons de visiter\u00a0<b><a href=\"http:\/\/www.littlebigcat.com\/\">www.littlebigcat.com<\/a><\/b>\u00a0.<\/p>\n<h4 style=\"font-weight: 400; padding-left: 60px;\"><b><img decoding=\"async\" class=\"alignnone wp-image-758 size-full\" src=\"https:\/\/chiffondolls.ca\/fr\/wp-content\/uploads\/2024\/07\/bullet2.png\" alt=\"bullet\" width=\"18\" height=\"18\" \/><a id=\"Sterilisation\"><\/a><\/b>St\u00e9rilisation \/ castration en bas \u00e2ge<b>\u00a0<\/b><\/h4>\n<p style=\"padding-left: 90px;\">Chaque ragdoll que nous vendons en tant qu&#8217;animal de compagnie ou en tant que minet de show (division op\u00e9r\u00e9), aura d\u00e9j\u00e0 \u00e9t\u00e9 st\u00e9rilis\u00e9 \/ castr\u00e9 avant son d\u00e9part.\u00a0\u00a0Aucune exception \u00e0 cette r\u00e8gle ne sera faite.\u00a0\u00a0Dans la majorit\u00e9 des cas, la chirurgie sera effectu\u00e9e quand le chaton aura environ 11 ou 12 semaines, ce qui leurs donnent une semaine ou deux pour r\u00e9cup\u00e9rer avant de quitter pour leur nouveau foyer.<\/p>\n<p style=\"padding-left: 90px;\"><b>Les frais pour la st\u00e9rilisation \/ castration sont compris dans nos prix.<\/b><\/p>\n<p style=\"padding-left: 90px;\"><i>L&#8217;extrait (en anglais) qui suit est tir\u00e9 d&#8217;un article qui concerne la st\u00e9rilisation \/ castration en bas \u00e2ge.\u00a0\u00a0Cet article a \u00e9t\u00e9 \u00e9crit par le Dre Susan Little DVM, Diplomate ABVP (Pratique f\u00e9line).<\/i><\/p>\n<p style=\"padding-left: 90px;\"><i>Early-age spaying and neutering (also known as &#8221;altering&#8221;) are surgeries performed on kittens before the conventional ages of six to eight months. Typically, these early-age operations take place between the ages of eight and 16 weeks. Early-age altering has been practiced for over 25 years in North America. Attention has primarily been focused on animal shelter and rescue pets before adoption. However, today&#8217;s pedigreed cat breeders are\u00a0<\/i><i>increasingly requesting early-age altering from veterinarians, so kittens destined for pet homes can be altered before sale. Breeders who do so are ensuring any kittens they sell will not contribute to the tragedy of pet overpopulation.<\/i><\/p>\n<p style=\"padding-left: 90px;\"><i>In the U.S., it is estimated that four to 15 million healthy cats are euthanized every year because they do not have homes. Figures are not readily available\u00a0<\/i><i>for Canada, but the magnitude of the problem may not be any less daunting. We do know the leading cause of death for healthy unwanted cats in Canada\u00a0<\/i><i>is euthanasia. In some shelters, between 50 and 90 per cent of cats taken in are euthanized, simply because no one wants them.<\/i><\/p>\n<p style=\"padding-left: 90px;\"><i>With many veterinary schools now providing training in pediatric surgery, the availability of better anesthetic monitoring equipment and the development of anesthesia and surgery guidelines for younger patients, there is no longer any reason to delay spaying and neutering pets until after six months of age, and evidence is mounting that it is in their best interest to be altered earlier.<\/i><\/p>\n<p style=\"padding-left: 90px;\">La CFA (Cat Fanciers&#8217; Association) a chang\u00e9 ses r\u00e8glements permettant aux chatons op\u00e9r\u00e9s de comp\u00e9titionner.\u00a0\u00a0Plusieurs \u00e9leveurs de chats de race sont \u00e0 travailler avec leur v\u00e9t\u00e9rinaire pour justement op\u00e9rer les chatons avant leurs d\u00e9parts.\u00a0\u00a0Ces \u00e9leveurs qui ont adopt\u00e9s cette politique en sont tr\u00e8s heureux.\u00a0\u00a0Les propri\u00e9taires de ces chatons sont \u00e9galement tr\u00e8s heureux que leur nouveau b\u00e9b\u00e9 a d\u00e9j\u00e0 subit la chirurgie avant son arriv\u00e9e \u00e0 la maison; n&#8217;ayant pas besoin de s&#8217;en occuper eux-m\u00eames.\u00a0\u00a0Comme il en est pour les directeurs des refuges, les \u00e9leveurs ont la tranquillit\u00e9 d&#8217;esprit, que les chatons qu&#8217;ils vendent aujourd&#8217;hui ne contribueront pas \u00e0 la surpopulation animal de demain.<\/p>\n<h4 style=\"font-weight: 400; padding-left: 60px;\"><b><img decoding=\"async\" class=\"alignnone wp-image-758 size-full\" src=\"https:\/\/chiffondolls.ca\/fr\/wp-content\/uploads\/2024\/07\/bullet2.png\" alt=\"bullet\" width=\"18\" height=\"18\" \/><a id=\"Minets\"><\/a><\/b>Minets d&#8217;int\u00e9rieur<\/h4>\n<p style=\"padding-left: 90px;\">Parce que la majorit\u00e9 des Ragdolls n&#8217;ont pas les instincts naturels de se d\u00e9fendrent, ils sont vendu en tant que chat d&#8217;int\u00e9rieur seulement. Ils s&#8217;adaptent parfaitement bien \u00e0 la vie int\u00e9rieure, ce qui fait d&#8217;eux le\/la parfait compagnon pour les gens vivant en appartement et en condo.<\/p>\n<h4 dir=\"ltr\" style=\"padding-left: 60px;\"><strong><img decoding=\"async\" class=\"alignnone wp-image-758 size-full\" src=\"https:\/\/chiffondolls.ca\/fr\/wp-content\/uploads\/2024\/07\/bullet2.png\" alt=\"bullet\" width=\"18\" height=\"18\" \/><a id=\"Sanscages\"><\/a><\/strong>Sans cages<\/h4>\n<p dir=\"ltr\" style=\"padding-left: 90px;\">Les chatons d&#8217;\u00e9levage que nous vendons, le seront seulement si l&#8217;\u00e9leveur est enregistr\u00e9 et a une bonne r\u00e9putation. La priorit\u00e9 sera donn\u00e9e aux \u00e9leveurs qui participent dans les expositions f\u00e9lines. Il est important de noter que nous ne vendons pas aux \u00e9leveurs qui mettre leurs chats en cage pour de longue p\u00e9riode de temps. Dans des cas semblables, nous pr\u00e9f\u00e9rons placer nos chatons en tant qu&#8217;animal de compagnie ou ils seront cajol\u00e9s et aim\u00e9s. De ne pas respecter le contrat de vente indiquant cette restriction, nous donnent le droit de r\u00e9cup\u00e9rer le minet sans aucune compensation mon\u00e9taire de notre part.<\/p>\n<h4 dir=\"ltr\" style=\"padding-left: 60px;\"><strong><img decoding=\"async\" class=\"alignnone wp-image-758 size-full\" src=\"https:\/\/chiffondolls.ca\/fr\/wp-content\/uploads\/2024\/07\/bullet2.png\" alt=\"bullet\" width=\"18\" height=\"18\" \/><a id=\"Transport\"><\/a><\/strong>Exp\u00e9ditions et assistance pour la livraison<\/h4>\n<p dir=\"ltr\" style=\"padding-left: 90px;\">Nous n&#8217;exp\u00e9dions pas nos chatons de compagnie, mais nous offrons de l&#8217;assistance pour la livraison dans certaines parties du Qu\u00e9bec et de l&#8217;Ontario (frais suppl\u00e9mentaires).<\/p>\n<p dir=\"ltr\" style=\"padding-left: 90px;\">Dans le cas d&#8217;un chaton d&#8217;\u00e9levage, tous les frais reli\u00e9s au d\u00e9placement du chaton sont la responsabilit\u00e9 de l&#8217;acheteur. Nous n&#8217;exp\u00e9dions pas dans les pays ou les minets sont contraints d&#8217;effectuer une quarantaine \u00e0 leurs arriv\u00e9s, ni aux endroits ou il n&#8217;y a pas de vols directs.\u00a0 Il est pr\u00e9f\u00e9rable de voyager avec le chaton en cabine pour sa s\u00e9curit\u00e9, et c&#8217;est notre politique.<\/p>\n<h4 dir=\"ltr\" style=\"padding-left: 60px;\"><strong><img decoding=\"async\" class=\"alignnone wp-image-758 size-full\" src=\"https:\/\/chiffondolls.ca\/fr\/wp-content\/uploads\/2024\/07\/bullet2.png\" alt=\"bullet\" width=\"18\" height=\"18\" \/><a id=\"Garantie\"><\/a><\/strong>Garantie de sant\u00e9<\/h4>\n<p dir=\"ltr\" style=\"padding-left: 90px;\">Tous nos chatons quittent avec une garantie de cinq ans (compt\u00e9 \u00e0 partir de leur date de naissance) sur tout ce qui est reli\u00e9 \u00e0 la g\u00e9n\u00e9tique si un d\u00e9c\u00e8s survenait. Nous remplacerons \u00e9galement votre minet s&#8217;il d\u00e9c\u00e9dait de la PIF pendant ses deux premi\u00e8res ann\u00e9es de vie.\u00a0Veuillez vous r\u00e9f\u00e9rer \u00e0 la section ci-bas qui concerne les vaccins pour les exclusions.<br \/>\nPour le remplacement d&#8217;un chaton \/ chat qui est d\u00e9c\u00e9d\u00e9 \u00e0 cause des raisons pr\u00e9cit\u00e9es, nous aurons besoin d&#8217;une preuve m\u00e9dicale d\u00e9taillant les raisons du d\u00e9c\u00e8s sous forme de n\u00e9cropsie. Les frais encourus seront la responsabilit\u00e9 du propri\u00e9taire. D\u00e8s la r\u00e9ception des documents m\u00e9dicaux appropri\u00e9s, Chiffondolls offrira un remplacement d\u00e8s qu&#8217;un de la m\u00eame cat\u00e9gorie (animal de compagnie, show \/ breeder) sera disponible, si nous effectuons toujours l&#8217;\u00e9levage bien entendu.<\/p>\n<h4 dir=\"ltr\" style=\"padding-left: 60px;\"><strong><img decoding=\"async\" class=\"alignnone wp-image-758 size-full\" src=\"https:\/\/chiffondolls.ca\/fr\/wp-content\/uploads\/2024\/07\/bullet2.png\" alt=\"bullet\" width=\"18\" height=\"18\" \/><a id=\"Vaccins\"><\/a><\/strong>Vaccins et examens v\u00e9t\u00e9rinaire<\/h4>\n<p dir=\"ltr\" style=\"padding-left: 90px;\">Avant de nous quitter, tous nos chatons re\u00e7oivent deux vaccins 3-dans-1 \u00e0 l&#8217;\u00e2ge de 8 et de 12 semaines; nous, ainsi que notre v\u00e9t\u00e9rinaire, recommandons fortement qu&#8217;un 3e vaccin soit administr\u00e9 vers l&#8217;\u00e2ge de 16 semaines. Les chatons auront \u00e9galement re\u00e7u deux examens complets chez notre v\u00e9t\u00e9rinaire avant leurs d\u00e9parts.<\/p>\n<p dir=\"ltr\" style=\"padding-left: 90px;\">Votre trousse inclura \u00e9galement le livret de sant\u00e9 de votre chaton avec sa charte de vaccination sign\u00e9e par notre v\u00e9t\u00e9rinaire. Nous incluons \u00e9galement nos recommandations qui peuvent \u00eatre r\u00e9vis\u00e9es par votre propre v\u00e9t\u00e9rinaire.<\/p>\n<p dir=\"ltr\" style=\"padding-left: 90px;\">Nous ne vaccinons pas contre la PIF et la leuc\u00e9mie f\u00e9line, et nous osons esp\u00e9rer que vous ne le ferez pas.\u00a0Si vous d\u00e9cidiez d&#8217;inoculer votre chaton Chiffondolls avec un de ces vaccins, les garanties de sant\u00e9 incluses deviendraient nulles.\u00a0De vacciner pour la PIF ou la leuc\u00e9mie f\u00e9line peut causer ou provoquer ces maladies. Ces vaccins ne sont pas n\u00e9cessaire et ont un potentiel dangereux quant \u00e0 la sant\u00e9 de votre chaton. Ils peuvent faire plus de tort que de bien.<\/p>\n<h4 dir=\"ltr\" style=\"padding-left: 60px;\"><strong><img decoding=\"async\" class=\"alignnone wp-image-758 size-full\" src=\"https:\/\/chiffondolls.ca\/fr\/wp-content\/uploads\/2024\/07\/bullet2.png\" alt=\"bullet\" width=\"18\" height=\"18\" \/><a id=\"Vermifuges\"><\/a><\/strong>Vermifuges<strong>\u00a0<\/strong><\/h4>\n<p dir=\"ltr\" style=\"padding-left: 90px;\">Tous nos chatons sont vermifug\u00e9s 3 fois avant leur d\u00e9part. Nous utilisons L&#8217;Intercepteur \u00e0 l&#8217;\u00e2ge de 8, 10 et 12 semaines. Nous vous recommandons de re-vermifuger \u00e0 l&#8217;\u00e2ge de 4, 6 et 8 mois.<\/p>\n<h4 dir=\"ltr\" style=\"padding-left: 60px;\"><strong><img decoding=\"async\" class=\"alignnone wp-image-758 size-full\" src=\"https:\/\/chiffondolls.ca\/fr\/wp-content\/uploads\/2024\/07\/bullet2.png\" alt=\"bullet\" width=\"18\" height=\"18\" \/><a id=\"Visite\"><\/a><\/strong>Visite de notre chatterie\u00a0\/\u00a0domicile<strong>\u00a0<\/strong><\/h4>\n<p dir=\"ltr\" style=\"padding-left: 90px;\">Mon mari et moi travaillons tous les deux \u00e0 temps plein \u00e0 l&#8217;ext\u00e9rieur de notre domicile. Entre notre travail, rouler la chatterie, et courir pour les expositions f\u00e9lines un peu partout, nous n&#8217;avons pas beaucoup de temps libre. Vous comprendrez surement que le peu de temps dont nous disposons nous est tr\u00e8s pr\u00e9cieux.<\/p>\n<p dir=\"ltr\" style=\"padding-left: 90px;\">Malgr\u00e9 tout \u00e7a, nous avons pris la d\u00e9cision de permettre aux futurs parents de visiter la chatterie, qui est notre domicile, si vous le d\u00e9sirez. Nous le faisons que sur rendez-vous. Les fen\u00eatres d&#8217;opportunit\u00e9s sont parfois rares et nous esp\u00e9rons que vous comprendrez que parfois il n&#8217;est pas facile de c\u00e9duler une visite. Sachez que nous ferons de notre mieux pour vous accommoder tout sp\u00e9cialement quand le but principal de la visite est de faire connaissance avec votre futur chaton.<\/p>\n<p dir=\"ltr\" style=\"padding-left: 90px;\">Comme il est indiqu\u00e9 un peu partout sur notre site web, notre premi\u00e8re priorit\u00e9 est toujours la sant\u00e9 et le bien-\u00eatre de nos b\u00e9b\u00e9s. Nous vous demandons donc de vous abstenir d&#8217;une visite chez nous, si vous avez visit\u00e9 une autre chatterie les jours pr\u00e9c\u00e9dents pour \u00e9viter que nos ragdolls n&#8217;attrapent rien qui aurait pu \u00eatre transf\u00e9r\u00e9 sur vous. Nous ne pouvons qu&#8217;esp\u00e9rer que vous comprenez et vous conformerez \u00e0 notre demande.<\/p>\n<p dir=\"ltr\" style=\"padding-left: 90px;\">Un dernier point, et non le moindre, nous permettons les visites qu&#8217;apr\u00e8s le 1ier vaccin de votre chaton; soit vers la 8e semaine.<\/p>\n<h4 dir=\"ltr\" style=\"padding-left: 60px;\"><strong><img decoding=\"async\" class=\"alignnone wp-image-758 size-full\" src=\"https:\/\/chiffondolls.ca\/fr\/wp-content\/uploads\/2024\/07\/bullet2.png\" alt=\"bullet\" width=\"18\" height=\"18\" \/><a id=\"Leretour\"><\/a><\/strong>Retour d&#8217;un\u00a0Chiffondolls<strong>\u00a0<\/strong><\/h4>\n<p dir=\"ltr\" style=\"padding-left: 90px;\">Si vous deviez vous s\u00e9parer de votre Chiffondolls, pour une raison ou une autre, vous devez nous le ramener, ou nous pouvons vous aider \u00e0 lui trouver un nouveau foyer.<\/p>\n<p dir=\"ltr\" style=\"padding-left: 90px;\">Tous les chatons et chats sortant de chez nous ne peuvent \u00eatre vendu, lou\u00e9 ou donn\u00e9 \u00e0 une animalerie, laboratoire de recherche, \u00e9leveur de basse-cours, ou amen\u00e9 dans un refuge ou dans un endroit similaire sous aucun pr\u00e9texte.<\/p>\n<p dir=\"ltr\" style=\"padding-left: 90px;\">Il est important de noter que nous n&#8217;offrirons pas un remboursement si vous deviez ramener votre minet. Cette politique est \u00e9galement applicable pour ceux qui auraient des remords d&#8217;acheteurs.<\/p>\n<p dir=\"ltr\"><img decoding=\"async\" class=\"size-full wp-image-121 aligncenter\" src=\"https:\/\/chiffondolls.ca\/fr\/wp-content\/uploads\/2018\/01\/divider-1.gif\" alt=\"\" width=\"501\" height=\"11\" \/><\/p>\n<h3 dir=\"ltr\" style=\"padding-left: 30px;\"><\/h3>\n<h3 dir=\"ltr\" style=\"padding-left: 30px;\"><img decoding=\"async\" class=\"alignnone wp-image-758 size-full\" src=\"https:\/\/chiffondolls.ca\/fr\/wp-content\/uploads\/2024\/07\/bullet2.png\" alt=\"bullet\" width=\"18\" height=\"18\" \/><a id=\"Nosprix\"><\/a>Nos prix<\/h3>\n<p style=\"padding-left: 60px;\">Votre minet Chiffondolls vient avec une multitude de &#8221;choses&#8221; qui sont \u00e9num\u00e9r\u00e9es dans notre\u00a0Section des politiques, et aussi dans la Section des inclusions sur notre page\u00a0Chatons.<\/p>\n<p style=\"padding-left: 60px;\"><img decoding=\"async\" class=\"alignnone wp-image-758 size-full\" src=\"https:\/\/chiffondolls.ca\/fr\/wp-content\/uploads\/2024\/07\/bullet2.png\" alt=\"bullet\" width=\"18\" height=\"18\" \/> Chatons de compagnie : $1,700 ***<br \/>\n<img decoding=\"async\" class=\"alignnone wp-image-758 size-full\" src=\"https:\/\/chiffondolls.ca\/fr\/wp-content\/uploads\/2024\/07\/bullet2.png\" alt=\"bullet\" width=\"18\" height=\"18\" \/> Chatons de qualit\u00e9 show : $2,250 + ***<br \/>\n<img decoding=\"async\" class=\"alignnone wp-image-758 size-full\" src=\"https:\/\/chiffondolls.ca\/fr\/wp-content\/uploads\/2024\/07\/bullet2.png\" alt=\"bullet\" width=\"18\" height=\"18\" \/> Chatons de qualit\u00e9 show \/ breeder : contactez-nous.<\/p>\n<p style=\"padding-left: 60px;\"><em>* \u00a0 les taxes applicable ne sont pas inclus dans nos prix<br \/>\n<\/em><em>** si vous d\u00e9sirez utiliser PayPal pour\u00a0effectuer le d\u00e9p\u00f4t \/ paiement, veuillez ajouter les frais de transaction de 4%.<br \/>\n*** ces prix sont en vigueur \u00e0 compter du 27 janvier 2023.<br \/>\nSi nous avons d\u00e9j\u00e0 re\u00e7u votre d\u00e9p\u00f4t pour \u00eatre inscrit \u00e0 notre liste d&#8217;attente, nous respecterons le prix applicable au moment du d\u00e9p\u00f4t.<br \/>\n<\/em><\/p>\n<p>\u00a0 \u00a0 \u00a0 \u00a0 \u00a0 \u00a0 \u00a0Pour les ventes \u00e0 l&#8217;\u00e9tranger &#8211; que ce soit aux \u00c9tats Unis ou outre mer : Les prix demeurent les m\u00eames mais sont en dollars US.<\/p>\n<p><img loading=\"lazy\" decoding=\"async\" class=\"size-full wp-image-759 aligncenter\" src=\"https:\/\/chiffondolls.ca\/fr\/wp-content\/uploads\/2024\/07\/divider1a.png\" alt=\"divider\" width=\"541\" height=\"55\" srcset=\"https:\/\/chiffondolls.ca\/fr\/wp-content\/uploads\/2024\/07\/divider1a.png 541w, https:\/\/chiffondolls.ca\/fr\/wp-content\/uploads\/2024\/07\/divider1a-450x46.png 450w, https:\/\/chiffondolls.ca\/fr\/wp-content\/uploads\/2024\/07\/divider1a-250x25.png 250w\" sizes=\"(max-width: 541px) 100vw, 541px\" \/><\/p>\n<p>&nbsp;<\/p>\n<h3 style=\"padding-left: 30px;\"><a id=\"Noscontrats\"><\/a><img decoding=\"async\" class=\"alignnone wp-image-758 size-full\" src=\"https:\/\/chiffondolls.ca\/fr\/wp-content\/uploads\/2024\/07\/bullet2.png\" alt=\"bullet\" width=\"18\" height=\"18\" \/>Nos contrats<\/h3>\n<p style=\"padding-left: 60px;\">Demandez-nous une copie.<\/p>\n<p>Cliquez pour payer avec Paypal<\/p>\n<div ><form target='_blank' action='https:\/\/www.paypal.com\/cgi-bin\/webscr' method='post'><input type='hidden' name='cmd' value='_xclick' \/><input type='hidden' name='business' value='chiffondolls@hotmail.com' \/><input type='hidden' name='item_name' value='' \/><input type='hidden' name='currency_code' value='CAD' \/><input type='hidden' name='amount' value='0.00' \/><input type='hidden' name='lc' value='fr_CA'><input type='hidden' name='no_note' value=''><input type='hidden' name='paymentaction' value='sale'><input type='hidden' name='return' value='' \/><input type='hidden' name='bn' value='WPPlugin_SP'><input type='hidden' name='cancel_return' value='' \/><input style='border: none;' class='paypalbuttonimage' type='image' src='https:\/\/www.paypalobjects.com\/fr_CA\/i\/btn\/btn_buynowCC_LG.gif' border='0' name='submit' alt='Make your payments with PayPal. It is free, secure, effective.'><img alt='' border='0' style='border:none;display:none;' src='https:\/\/www.paypal.com\/fr_CA\/i\/scr\/pixel.gif' width='1' height='1'><\/form><\/div>\n","protected":false},"excerpt":{"rendered":"<p>\u00a0Nos Politiques D\u00e9griffage St\u00e9rilisation en bas \u00e2ge Minets d&#8217;int\u00e9rieur Sans cages Transport et assistance pour la livraison Garantie de sant\u00e9 Vaccins et examens v\u00e9t\u00e9rinaire Vermifuges Visite de notre chatterie \/ domicile Le retour d&#8217;un Chiffondolls Nos prix Nos contrats &nbsp; Nos Politiques Le d\u00e9griffage\u00a0&#8230; une pratique inacceptable! Veuillez vous assurer de lire et de bien &#8230; <a title=\"Adoption\" class=\"read-more\" href=\"https:\/\/chiffondolls.ca\/fr\/adoption\/\" aria-label=\"Read more about Adoption\">Read more<\/a><\/p>\n","protected":false},"author":1,"featured_media":0,"parent":0,"menu_order":0,"comment_status":"closed","ping_status":"closed","template":"","meta":{"footnotes":"","_wp_rev_ctl_limit":""},"class_list":["post-124","page","type-page","status-publish"],"aioseo_notices":[],"_links":{"self":[{"href":"https:\/\/chiffondolls.ca\/fr\/wp-json\/wp\/v2\/pages\/124","targetHints":{"allow":["GET"]}}],"collection":[{"href":"https:\/\/chiffondolls.ca\/fr\/wp-json\/wp\/v2\/pages"}],"about":[{"href":"https:\/\/chiffondolls.ca\/fr\/wp-json\/wp\/v2\/types\/page"}],"author":[{"embeddable":true,"href":"https:\/\/chiffondolls.ca\/fr\/wp-json\/wp\/v2\/users\/1"}],"replies":[{"embeddable":true,"href":"https:\/\/chiffondolls.ca\/fr\/wp-json\/wp\/v2\/comments?post=124"}],"version-history":[{"count":10,"href":"https:\/\/chiffondolls.ca\/fr\/wp-json\/wp\/v2\/pages\/124\/revisions"}],"predecessor-version":[{"id":778,"href":"https:\/\/chiffondolls.ca\/fr\/wp-json\/wp\/v2\/pages\/124\/revisions\/778"}],"wp:attachment":[{"href":"https:\/\/chiffondolls.ca\/fr\/wp-json\/wp\/v2\/media?parent=124"}],"curies":[{"name":"wp","href":"https:\/\/api.w.org\/{rel}","templated":true}]}}