{"id":132,"date":"2018-01-22T22:34:39","date_gmt":"2018-01-22T22:34:39","guid":{"rendered":"https:\/\/chiffondolls.ca\/fr\/?page_id=132"},"modified":"2026-04-06T13:34:57","modified_gmt":"2026-04-06T17:34:57","slug":"gars","status":"publish","type":"page","link":"https:\/\/chiffondolls.ca\/fr\/gars\/","title":{"rendered":"Nos Gar\u00e7ons"},"content":{"rendered":"<p><a href=\"#Ramsay\">Mirumkitty Ramsay of Chiffondolls<\/a><br \/>\n<a href=\"#Carter\">Marlcreek The Right Kind Ov Trouble (Carter aka Fiston)<\/a><\/p>\n<h6><span style=\"font-size: 24pt;\">Notre future<br \/>\n<\/span><\/h6>\n<p>Chiffondolls DaVinci (\u00e0 venir)<\/p>\n<p><img decoding=\"async\" class=\"wp-image-759 size-full aligncenter\" src=\"https:\/\/chiffondolls.ca\/fr\/wp-content\/uploads\/2024\/07\/divider1a.png\" alt=\"divider\" width=\"541\" height=\"55\" srcset=\"https:\/\/chiffondolls.ca\/fr\/wp-content\/uploads\/2024\/07\/divider1a.png 541w, https:\/\/chiffondolls.ca\/fr\/wp-content\/uploads\/2024\/07\/divider1a-450x46.png 450w, https:\/\/chiffondolls.ca\/fr\/wp-content\/uploads\/2024\/07\/divider1a-250x25.png 250w\" sizes=\"(max-width: 541px) 100vw, 541px\" \/><\/p>\n<p>&nbsp;<\/p>\n<h2 style=\"text-align: center;\"><a id=\"Ramsay\"><\/a>Mirumkitty Ramsay of Chiffondolls (Ramsay)<\/h2>\n<p style=\"text-align: center;\">Un gros merci \u00e0 Judit Jozan pour ce gar\u00e7on totalement adorable.<\/p>\n<p style=\"text-align: center;\">Ramsay nous provient de la Hongrie et nous avons \u00e9t\u00e9 sous son charme<br \/>\n\u00e0 premi\u00e8re vue.\u00a0 De le voir grandir et s&#8217;\u00e9panouir est vraiment cool!<br \/>\nIl devient un jeune homme hors du commun.<\/p>\n<p style=\"text-align: center;\">Voici quelques photos de Ramsay:<\/p>\n<p style=\"text-align: center;\"><em>Son arriv\u00e9e \u00e0 l&#8217;a\u00e9roport :<\/em><\/p>\n<p><img fetchpriority=\"high\" decoding=\"async\" class=\"aligncenter size-full wp-image-572\" src=\"https:\/\/chiffondolls.ca\/wp-content\/uploads\/2021\/04\/RamsayAirport-e1617465203552.jpg\" alt=\"\" width=\"400\" height=\"533\" \/><\/p>\n<p style=\"text-align: center;\"><em>La prochaine photo a \u00e9t\u00e9 prise par mon bon ami Ron Sarault qui est photographer.<\/em><br \/>\n<em>Un gros merci Ron!<\/em><\/p>\n<p><img decoding=\"async\" class=\"aligncenter size-full wp-image-573\" src=\"https:\/\/chiffondolls.ca\/wp-content\/uploads\/2021\/04\/DSC_0972-LOGO-scaled-e1617465411874.jpg\" alt=\"\" width=\"400\" height=\"267\" \/><\/p>\n<p><img loading=\"lazy\" decoding=\"async\" class=\"aligncenter size-full wp-image-575\" src=\"https:\/\/chiffondolls.ca\/wp-content\/uploads\/2021\/04\/IMG_0143-2-e1617465551222.jpg\" alt=\"\" width=\"400\" height=\"400\" \/><\/p>\n<p><img loading=\"lazy\" decoding=\"async\" class=\"aligncenter size-full wp-image-576\" src=\"https:\/\/chiffondolls.ca\/wp-content\/uploads\/2021\/04\/IMG_0145-2-e1617465526734.jpg\" alt=\"\" width=\"400\" height=\"361\" \/><\/p>\n<p><img loading=\"lazy\" decoding=\"async\" class=\"aligncenter size-full wp-image-658\" src=\"https:\/\/chiffondolls.ca\/fr\/wp-content\/uploads\/2021\/04\/2021-04-15.jpg\" alt=\"\" width=\"400\" height=\"359\" srcset=\"https:\/\/chiffondolls.ca\/fr\/wp-content\/uploads\/2021\/04\/2021-04-15.jpg 400w, https:\/\/chiffondolls.ca\/fr\/wp-content\/uploads\/2021\/04\/2021-04-15-200x180.jpg 200w\" sizes=\"(max-width: 400px) 100vw, 400px\" \/><\/p>\n<p>&nbsp;<\/p>\n<p><img decoding=\"async\" class=\"wp-image-759 size-full aligncenter\" src=\"https:\/\/chiffondolls.ca\/fr\/wp-content\/uploads\/2024\/07\/divider1a.png\" alt=\"divider\" width=\"541\" height=\"55\" srcset=\"https:\/\/chiffondolls.ca\/fr\/wp-content\/uploads\/2024\/07\/divider1a.png 541w, https:\/\/chiffondolls.ca\/fr\/wp-content\/uploads\/2024\/07\/divider1a-450x46.png 450w, https:\/\/chiffondolls.ca\/fr\/wp-content\/uploads\/2024\/07\/divider1a-250x25.png 250w\" sizes=\"(max-width: 541px) 100vw, 541px\" \/><\/p>\n<h2 style=\"text-align: center;\"><a id=\"Carter\"><\/a>Marlcreek The Right Kind Ov Trouble (Carter aka Fiston)<\/h2>\n<p style=\"text-align: center;\">Ou commencer pour d\u00e9crire ce gar\u00e7on si merveilleux!<br \/>\nLe plus dr\u00f4le, toujours de bonne humeur et pr\u00eat pour jouer.<br \/>\nIl est le plus aimant et aimable des minets que vous rencontrerez.<\/p>\n<p style=\"text-align: center;\">Charmayne, encore une fois merci pour ta confiance et ce pr\u00e9cieux gar\u00e7on!<\/p>\n<p style=\"text-align: center;\">Les parents sont :<br \/>\nDam : Marlcreek Too Hot 2 Trot<br \/>\nSir : Mirumkitty Eh Lil Bit Handsome<\/p>\n<p style=\"text-align: center;\">B\u00e9b\u00e9 Carter \u00e0 6 mois :<\/p>\n<p><img loading=\"lazy\" decoding=\"async\" class=\"aligncenter size-medium wp-image-671\" src=\"https:\/\/chiffondolls.ca\/wp-content\/uploads\/2024\/04\/Fiston6mois-2-300x400.jpg\" alt=\"\" width=\"300\" height=\"400\" \/><\/p>\n<p style=\"text-align: center;\">Beau gar\u00e7on \ud83d\ude09<\/p>\n<p style=\"text-align: center;\"><img loading=\"lazy\" decoding=\"async\" class=\"aligncenter size-medium wp-image-672\" src=\"https:\/\/chiffondolls.ca\/wp-content\/uploads\/2024\/04\/Fiston10mois-400x300.jpg\" alt=\"\" width=\"400\" height=\"300\" \/><\/p>\n<p>&nbsp;<\/p>\n<p><img decoding=\"async\" class=\"wp-image-759 size-full aligncenter\" src=\"https:\/\/chiffondolls.ca\/fr\/wp-content\/uploads\/2024\/07\/divider1a.png\" alt=\"divider\" width=\"541\" height=\"55\" srcset=\"https:\/\/chiffondolls.ca\/fr\/wp-content\/uploads\/2024\/07\/divider1a.png 541w, https:\/\/chiffondolls.ca\/fr\/wp-content\/uploads\/2024\/07\/divider1a-450x46.png 450w, https:\/\/chiffondolls.ca\/fr\/wp-content\/uploads\/2024\/07\/divider1a-250x25.png 250w\" sizes=\"(max-width: 541px) 100vw, 541px\" \/><\/p>\n<p>&nbsp;<\/p>\n","protected":false},"excerpt":{"rendered":"<p>Mirumkitty Ramsay of Chiffondolls Marlcreek The Right Kind Ov Trouble (Carter aka Fiston) Notre future Chiffondolls DaVinci (\u00e0 venir) &nbsp; Mirumkitty Ramsay of Chiffondolls (Ramsay) Un gros merci \u00e0 Judit Jozan pour ce gar\u00e7on totalement adorable. Ramsay nous provient de la Hongrie et nous avons \u00e9t\u00e9 sous son charme \u00e0 premi\u00e8re vue.\u00a0 De le voir &#8230; <a title=\"Nos Gar\u00e7ons\" class=\"read-more\" href=\"https:\/\/chiffondolls.ca\/fr\/gars\/\" aria-label=\"Read more about Nos Gar\u00e7ons\">Read more<\/a><\/p>\n","protected":false},"author":1,"featured_media":0,"parent":0,"menu_order":0,"comment_status":"closed","ping_status":"closed","template":"","meta":{"footnotes":"","_wp_rev_ctl_limit":""},"class_list":["post-132","page","type-page","status-publish"],"aioseo_notices":[],"_links":{"self":[{"href":"https:\/\/chiffondolls.ca\/fr\/wp-json\/wp\/v2\/pages\/132","targetHints":{"allow":["GET"]}}],"collection":[{"href":"https:\/\/chiffondolls.ca\/fr\/wp-json\/wp\/v2\/pages"}],"about":[{"href":"https:\/\/chiffondolls.ca\/fr\/wp-json\/wp\/v2\/types\/page"}],"author":[{"embeddable":true,"href":"https:\/\/chiffondolls.ca\/fr\/wp-json\/wp\/v2\/users\/1"}],"replies":[{"embeddable":true,"href":"https:\/\/chiffondolls.ca\/fr\/wp-json\/wp\/v2\/comments?post=132"}],"version-history":[{"count":10,"href":"https:\/\/chiffondolls.ca\/fr\/wp-json\/wp\/v2\/pages\/132\/revisions"}],"predecessor-version":[{"id":824,"href":"https:\/\/chiffondolls.ca\/fr\/wp-json\/wp\/v2\/pages\/132\/revisions\/824"}],"wp:attachment":[{"href":"https:\/\/chiffondolls.ca\/fr\/wp-json\/wp\/v2\/media?parent=132"}],"curies":[{"name":"wp","href":"https:\/\/api.w.org\/{rel}","templated":true}]}}