{"id":154,"date":"2018-01-23T21:10:28","date_gmt":"2018-01-23T21:10:28","guid":{"rendered":"https:\/\/chiffondolls.ca\/fr\/?page_id=154"},"modified":"2026-04-06T13:29:25","modified_gmt":"2026-04-06T17:29:25","slug":"filles","status":"publish","type":"page","link":"https:\/\/chiffondolls.ca\/fr\/filles\/","title":{"rendered":"Nos Filles"},"content":{"rendered":"<ul>\n<li><a href=\"#Dollie\">Chiffondolls All Dolled Up (Dollie)<\/a><\/li>\n<li><a href=\"#Desneiges\">Chiffondolls Desneiges<\/a><\/li>\n<li><a href=\"#Pumpkin\">Chiffondolls Good Morning Pumpkin<\/a><\/li>\n<li>Chiffondolls Beautiful Brooklyn (\u00e0 venir)<\/li>\n<\/ul>\n<h3>Notre future<\/h3>\n<ul>\n<li>Chiffondolls Sharlie (\u00e0 venir)<\/li>\n<\/ul>\n<p>&nbsp;<\/p>\n<p><img decoding=\"async\" class=\"wp-image-759 size-full aligncenter\" src=\"https:\/\/chiffondolls.ca\/fr\/wp-content\/uploads\/2024\/07\/divider1a.png\" alt=\"divider\" width=\"541\" height=\"55\" srcset=\"https:\/\/chiffondolls.ca\/fr\/wp-content\/uploads\/2024\/07\/divider1a.png 541w, https:\/\/chiffondolls.ca\/fr\/wp-content\/uploads\/2024\/07\/divider1a-450x46.png 450w, https:\/\/chiffondolls.ca\/fr\/wp-content\/uploads\/2024\/07\/divider1a-250x25.png 250w\" sizes=\"(max-width: 541px) 100vw, 541px\" \/><\/p>\n<p>&nbsp;<\/p>\n<p><img decoding=\"async\" class=\"wp-image-759 size-full aligncenter\" src=\"https:\/\/chiffondolls.ca\/fr\/wp-content\/uploads\/2024\/07\/divider1a.png\" alt=\"divider\" width=\"541\" height=\"55\" srcset=\"https:\/\/chiffondolls.ca\/fr\/wp-content\/uploads\/2024\/07\/divider1a.png 541w, https:\/\/chiffondolls.ca\/fr\/wp-content\/uploads\/2024\/07\/divider1a-450x46.png 450w, https:\/\/chiffondolls.ca\/fr\/wp-content\/uploads\/2024\/07\/divider1a-250x25.png 250w\" sizes=\"(max-width: 541px) 100vw, 541px\" \/><\/p>\n<h3 style=\"text-align: center;\"><a id=\"Dollie\"><\/a>Chiffondolls All Dolled Up (Dollie)<\/h3>\n<p style=\"text-align: center;\">Les parents sont:<br \/>\nChiffondolls Tr\u00e8s D\u00e9sir\u00e9e<br \/>\nCFA CH Chiffondolls CandyMan of Sal-Shire<\/p>\n<p><img fetchpriority=\"high\" decoding=\"async\" class=\"aligncenter size-medium wp-image-649\" src=\"https:\/\/chiffondolls.ca\/wp-content\/uploads\/2023\/05\/IMG_0003-2-1-400x295.jpg\" alt=\"\" width=\"400\" height=\"295\" \/><\/p>\n<p><img decoding=\"async\" class=\"aligncenter size-medium wp-image-650\" src=\"https:\/\/chiffondolls.ca\/wp-content\/uploads\/2023\/05\/IMG_0005-2-1-400x300.jpg\" alt=\"\" width=\"400\" height=\"300\" \/><\/p>\n<p><img loading=\"lazy\" decoding=\"async\" class=\"aligncenter size-medium wp-image-651\" src=\"https:\/\/chiffondolls.ca\/wp-content\/uploads\/2023\/05\/IMG_0010-2-1-320x400.jpg\" alt=\"\" width=\"320\" height=\"400\" \/><\/p>\n<p>&nbsp;<\/p>\n<p><img decoding=\"async\" class=\"wp-image-759 size-full aligncenter\" src=\"https:\/\/chiffondolls.ca\/fr\/wp-content\/uploads\/2024\/07\/divider1a.png\" alt=\"divider\" width=\"541\" height=\"55\" srcset=\"https:\/\/chiffondolls.ca\/fr\/wp-content\/uploads\/2024\/07\/divider1a.png 541w, https:\/\/chiffondolls.ca\/fr\/wp-content\/uploads\/2024\/07\/divider1a-450x46.png 450w, https:\/\/chiffondolls.ca\/fr\/wp-content\/uploads\/2024\/07\/divider1a-250x25.png 250w\" sizes=\"(max-width: 541px) 100vw, 541px\" \/><\/p>\n<h3 style=\"text-align: center;\"><a id=\"Desneiges\"><\/a>Chiffondolls Desneiges<\/h3>\n<p style=\"text-align: center;\">Les parents sont :<br \/>\nCFA CH Chiffondolls My Destiny<br \/>\nMirumkitty Ramsay of Chiffondolls<\/p>\n<p style=\"text-align: center;\"><img loading=\"lazy\" decoding=\"async\" class=\"aligncenter size-medium wp-image-652\" src=\"https:\/\/chiffondolls.ca\/wp-content\/uploads\/2023\/05\/IMG_0028-2-400x300.jpg\" alt=\"\" width=\"400\" height=\"300\" \/><\/p>\n<p><img loading=\"lazy\" decoding=\"async\" class=\"aligncenter size-medium wp-image-653\" src=\"https:\/\/chiffondolls.ca\/wp-content\/uploads\/2023\/05\/IMG_0021-2-400x320.jpg\" alt=\"\" width=\"400\" height=\"320\" \/><\/p>\n<p><img decoding=\"async\" class=\"wp-image-759 size-full aligncenter\" src=\"https:\/\/chiffondolls.ca\/fr\/wp-content\/uploads\/2024\/07\/divider1a.png\" alt=\"divider\" width=\"541\" height=\"55\" srcset=\"https:\/\/chiffondolls.ca\/fr\/wp-content\/uploads\/2024\/07\/divider1a.png 541w, https:\/\/chiffondolls.ca\/fr\/wp-content\/uploads\/2024\/07\/divider1a-450x46.png 450w, https:\/\/chiffondolls.ca\/fr\/wp-content\/uploads\/2024\/07\/divider1a-250x25.png 250w\" sizes=\"(max-width: 541px) 100vw, 541px\" \/><\/p>\n<h3 style=\"text-align: center;\"><a id=\"Pumpkin\"><\/a>Chiffondolls Good Morning Pumpkin<\/h3>\n<p style=\"text-align: center;\">Les parents sont :<br \/>\nCFA GC Marlcreek Trouble Comes in Blue<br \/>\nChiffondolls Shazzle Dazzle Beautiful<\/p>\n<p><img loading=\"lazy\" decoding=\"async\" class=\"aligncenter size-medium wp-image-688\" src=\"https:\/\/chiffondolls.ca\/wp-content\/uploads\/2024\/04\/Pumpkin1-2-358x400.jpg\" alt=\"\" width=\"358\" height=\"400\" \/><\/p>\n<p><img loading=\"lazy\" decoding=\"async\" class=\"aligncenter size-medium wp-image-689\" src=\"https:\/\/chiffondolls.ca\/wp-content\/uploads\/2024\/04\/Pumpkin2-2-355x400.jpg\" alt=\"\" width=\"355\" height=\"400\" \/><\/p>\n<p><img loading=\"lazy\" decoding=\"async\" class=\"aligncenter size-medium wp-image-690\" src=\"https:\/\/chiffondolls.ca\/wp-content\/uploads\/2024\/04\/Pumpkin4-400x300.jpg\" alt=\"\" width=\"400\" height=\"300\" \/><\/p>\n<p>&nbsp;<\/p>\n<p><img decoding=\"async\" class=\"wp-image-759 size-full aligncenter\" src=\"https:\/\/chiffondolls.ca\/fr\/wp-content\/uploads\/2024\/07\/divider1a.png\" alt=\"divider\" width=\"541\" height=\"55\" srcset=\"https:\/\/chiffondolls.ca\/fr\/wp-content\/uploads\/2024\/07\/divider1a.png 541w, https:\/\/chiffondolls.ca\/fr\/wp-content\/uploads\/2024\/07\/divider1a-450x46.png 450w, https:\/\/chiffondolls.ca\/fr\/wp-content\/uploads\/2024\/07\/divider1a-250x25.png 250w\" sizes=\"(max-width: 541px) 100vw, 541px\" \/><\/p>\n<p>&nbsp;<\/p>\n","protected":false},"excerpt":{"rendered":"<p>Chiffondolls All Dolled Up (Dollie) Chiffondolls Desneiges Chiffondolls Good Morning Pumpkin Chiffondolls Beautiful Brooklyn (\u00e0 venir) Notre future Chiffondolls Sharlie (\u00e0 venir) &nbsp; &nbsp; Chiffondolls All Dolled Up (Dollie) Les parents sont: Chiffondolls Tr\u00e8s D\u00e9sir\u00e9e CFA CH Chiffondolls CandyMan of Sal-Shire &nbsp; Chiffondolls Desneiges Les parents sont : CFA CH Chiffondolls My Destiny Mirumkitty Ramsay &#8230; <a title=\"Nos Filles\" class=\"read-more\" href=\"https:\/\/chiffondolls.ca\/fr\/filles\/\" aria-label=\"Read more about Nos Filles\">Read more<\/a><\/p>\n","protected":false},"author":1,"featured_media":0,"parent":0,"menu_order":0,"comment_status":"closed","ping_status":"closed","template":"","meta":{"footnotes":"","_wp_rev_ctl_limit":""},"class_list":["post-154","page","type-page","status-publish"],"aioseo_notices":[],"_links":{"self":[{"href":"https:\/\/chiffondolls.ca\/fr\/wp-json\/wp\/v2\/pages\/154","targetHints":{"allow":["GET"]}}],"collection":[{"href":"https:\/\/chiffondolls.ca\/fr\/wp-json\/wp\/v2\/pages"}],"about":[{"href":"https:\/\/chiffondolls.ca\/fr\/wp-json\/wp\/v2\/types\/page"}],"author":[{"embeddable":true,"href":"https:\/\/chiffondolls.ca\/fr\/wp-json\/wp\/v2\/users\/1"}],"replies":[{"embeddable":true,"href":"https:\/\/chiffondolls.ca\/fr\/wp-json\/wp\/v2\/comments?post=154"}],"version-history":[{"count":10,"href":"https:\/\/chiffondolls.ca\/fr\/wp-json\/wp\/v2\/pages\/154\/revisions"}],"predecessor-version":[{"id":820,"href":"https:\/\/chiffondolls.ca\/fr\/wp-json\/wp\/v2\/pages\/154\/revisions\/820"}],"wp:attachment":[{"href":"https:\/\/chiffondolls.ca\/fr\/wp-json\/wp\/v2\/media?parent=154"}],"curies":[{"name":"wp","href":"https:\/\/api.w.org\/{rel}","templated":true}]}}