{"id":183,"date":"2018-01-23T21:26:37","date_gmt":"2018-01-23T21:26:37","guid":{"rendered":"https:\/\/chiffondolls.ca\/fr\/?page_id=183"},"modified":"2024-07-29T17:39:50","modified_gmt":"2024-07-29T21:39:50","slug":"comment-reserver","status":"publish","type":"page","link":"https:\/\/chiffondolls.ca\/fr\/comment-reserver\/","title":{"rendered":"Comment r\u00e9server"},"content":{"rendered":"<p align=\"left\"><span style=\"font-size: 12pt;\">Voici la proc\u00e9dure \u00e0 suivre pour r\u00e9server votre B\u00e9b\u00e9 Ragdoll de Chiffondolls :\u00a0<\/span><\/p>\n<p align=\"left\">Avant de poursuivre, vous devriez lire nos politiques qui sont situ\u00e9s dans la page\u00a0Adoption. Ces politiques sont refl\u00e8t\u00e9es dans nos contrats et ne sont pas n\u00e9gociables. Tous nos chatons sont vendus sous contrat sans exception.<\/p>\n<p align=\"left\">Pour les r\u00e9servations, nous pr\u00e9f\u00e9rons un courriel dans lequel vous nous d\u00e9taillez ce que vous recherchez, incluant une courte description de votre style de vie, qui nous permettra de mieux d\u00e9terminer le chaton qui correspond \u00e0 vos besoins. Je vous demanderai un d\u00e9p\u00f4t de $100 au moment de la r\u00e9servation.\u00a0\u00a0Nous confirmerons votre r\u00e9servation qu&#8217;au moment ou nous aurons votre d\u00e9p\u00f4t en mains (les d\u00e9p\u00f4ts ne sont pas remboursables). La balance \u00e0 payer ne sera d\u00fb qu&#8217;\u00e0 la livraison du chaton. Veuillez noter que nous n&#8217;acceptons pas les ch\u00e8ques personnels et ne faisons aucune exception \u00e0 cette r\u00e8gle. Les d\u00e9p\u00f4ts ainsi que les paiements finaux peuvent se faire \u00e0 travers PayPal, que vous trouverez dans la section\u00a0Adoption, tout en bas de la page. Les paiements peuvent \u00e9galement se faire par ch\u00e8que certifi\u00e9, tranfert bancaire, traite bancaire, mandat poste ou en argent comptant.<\/p>\n<p align=\"left\"><img decoding=\"async\" class=\"wp-image-759 size-full aligncenter\" src=\"https:\/\/chiffondolls.ca\/fr\/wp-content\/uploads\/2024\/07\/divider1a.png\" alt=\"divider\" width=\"541\" height=\"55\" srcset=\"https:\/\/chiffondolls.ca\/fr\/wp-content\/uploads\/2024\/07\/divider1a.png 541w, https:\/\/chiffondolls.ca\/fr\/wp-content\/uploads\/2024\/07\/divider1a-450x46.png 450w, https:\/\/chiffondolls.ca\/fr\/wp-content\/uploads\/2024\/07\/divider1a-250x25.png 250w\" sizes=\"(max-width: 541px) 100vw, 541px\" \/><\/p>\n","protected":false},"excerpt":{"rendered":"<p>Voici la proc\u00e9dure \u00e0 suivre pour r\u00e9server votre B\u00e9b\u00e9 Ragdoll de Chiffondolls :\u00a0 Avant de poursuivre, vous devriez lire nos politiques qui sont situ\u00e9s dans la page\u00a0Adoption. Ces politiques sont refl\u00e8t\u00e9es dans nos contrats et ne sont pas n\u00e9gociables. Tous nos chatons sont vendus sous contrat sans exception. Pour les r\u00e9servations, nous pr\u00e9f\u00e9rons un courriel &#8230; <a title=\"Comment r\u00e9server\" class=\"read-more\" href=\"https:\/\/chiffondolls.ca\/fr\/comment-reserver\/\" aria-label=\"Read more about Comment r\u00e9server\">Read more<\/a><\/p>\n","protected":false},"author":1,"featured_media":0,"parent":0,"menu_order":0,"comment_status":"closed","ping_status":"closed","template":"","meta":{"footnotes":"","_wp_rev_ctl_limit":""},"class_list":["post-183","page","type-page","status-publish"],"aioseo_notices":[],"_links":{"self":[{"href":"https:\/\/chiffondolls.ca\/fr\/wp-json\/wp\/v2\/pages\/183","targetHints":{"allow":["GET"]}}],"collection":[{"href":"https:\/\/chiffondolls.ca\/fr\/wp-json\/wp\/v2\/pages"}],"about":[{"href":"https:\/\/chiffondolls.ca\/fr\/wp-json\/wp\/v2\/types\/page"}],"author":[{"embeddable":true,"href":"https:\/\/chiffondolls.ca\/fr\/wp-json\/wp\/v2\/users\/1"}],"replies":[{"embeddable":true,"href":"https:\/\/chiffondolls.ca\/fr\/wp-json\/wp\/v2\/comments?post=183"}],"version-history":[{"count":4,"href":"https:\/\/chiffondolls.ca\/fr\/wp-json\/wp\/v2\/pages\/183\/revisions"}],"predecessor-version":[{"id":774,"href":"https:\/\/chiffondolls.ca\/fr\/wp-json\/wp\/v2\/pages\/183\/revisions\/774"}],"wp:attachment":[{"href":"https:\/\/chiffondolls.ca\/fr\/wp-json\/wp\/v2\/media?parent=183"}],"curies":[{"name":"wp","href":"https:\/\/api.w.org\/{rel}","templated":true}]}}