{"id":186,"date":"2018-01-23T21:29:36","date_gmt":"2018-01-23T21:29:36","guid":{"rendered":"https:\/\/chiffondolls.ca\/fr\/?page_id=186"},"modified":"2024-07-29T17:40:17","modified_gmt":"2024-07-29T21:40:17","slug":"liste-dattente","status":"publish","type":"page","link":"https:\/\/chiffondolls.ca\/fr\/liste-dattente\/","title":{"rendered":"Liste d&#8217;attente"},"content":{"rendered":"<p>Notre liste d&#8217;attente ne veut pas n\u00e9cessairement dire premier-arriv\u00e9 \/ premier-servi. Chaque chaton est \u00e9valu\u00e9 pour d\u00e9terminer dans quel encadrement il sera plus confortable. Je vous demanderai probablement beaucoup de questions sur votre style de vie quand vous me demanderez pour un chaton &#8230; \u00e7a n&#8217;est que pour d\u00e9terminer quel chaton s&#8217;adaptera mieux avec vous et votre famille. Certains chatons sont plus heureux ou il y a beaucoup de tapages et de va-et-vient, et d&#8217;autres chatons qui pr\u00e9f\u00e8rent un cadre plus calme et tranquille.<\/p>\n<p><img decoding=\"async\" class=\"wp-image-759 size-full aligncenter\" src=\"https:\/\/chiffondolls.ca\/fr\/wp-content\/uploads\/2024\/07\/divider1a.png\" alt=\"divider\" width=\"541\" height=\"55\" srcset=\"https:\/\/chiffondolls.ca\/fr\/wp-content\/uploads\/2024\/07\/divider1a.png 541w, https:\/\/chiffondolls.ca\/fr\/wp-content\/uploads\/2024\/07\/divider1a-450x46.png 450w, https:\/\/chiffondolls.ca\/fr\/wp-content\/uploads\/2024\/07\/divider1a-250x25.png 250w\" sizes=\"(max-width: 541px) 100vw, 541px\" \/><\/p>\n","protected":false},"excerpt":{"rendered":"<p>Notre liste d&#8217;attente ne veut pas n\u00e9cessairement dire premier-arriv\u00e9 \/ premier-servi. Chaque chaton est \u00e9valu\u00e9 pour d\u00e9terminer dans quel encadrement il sera plus confortable. Je vous demanderai probablement beaucoup de questions sur votre style de vie quand vous me demanderez pour un chaton &#8230; \u00e7a n&#8217;est que pour d\u00e9terminer quel chaton s&#8217;adaptera mieux avec vous &#8230; <a title=\"Liste d&#8217;attente\" class=\"read-more\" href=\"https:\/\/chiffondolls.ca\/fr\/liste-dattente\/\" aria-label=\"Read more about Liste d&#8217;attente\">Read more<\/a><\/p>\n","protected":false},"author":1,"featured_media":0,"parent":0,"menu_order":0,"comment_status":"closed","ping_status":"closed","template":"","meta":{"footnotes":"","_wp_rev_ctl_limit":""},"class_list":["post-186","page","type-page","status-publish"],"aioseo_notices":[],"_links":{"self":[{"href":"https:\/\/chiffondolls.ca\/fr\/wp-json\/wp\/v2\/pages\/186","targetHints":{"allow":["GET"]}}],"collection":[{"href":"https:\/\/chiffondolls.ca\/fr\/wp-json\/wp\/v2\/pages"}],"about":[{"href":"https:\/\/chiffondolls.ca\/fr\/wp-json\/wp\/v2\/types\/page"}],"author":[{"embeddable":true,"href":"https:\/\/chiffondolls.ca\/fr\/wp-json\/wp\/v2\/users\/1"}],"replies":[{"embeddable":true,"href":"https:\/\/chiffondolls.ca\/fr\/wp-json\/wp\/v2\/comments?post=186"}],"version-history":[{"count":2,"href":"https:\/\/chiffondolls.ca\/fr\/wp-json\/wp\/v2\/pages\/186\/revisions"}],"predecessor-version":[{"id":775,"href":"https:\/\/chiffondolls.ca\/fr\/wp-json\/wp\/v2\/pages\/186\/revisions\/775"}],"wp:attachment":[{"href":"https:\/\/chiffondolls.ca\/fr\/wp-json\/wp\/v2\/media?parent=186"}],"curies":[{"name":"wp","href":"https:\/\/api.w.org\/{rel}","templated":true}]}}