{"id":189,"date":"2018-01-23T21:33:34","date_gmt":"2018-01-23T21:33:34","guid":{"rendered":"https:\/\/chiffondolls.ca\/fr\/?page_id=189"},"modified":"2024-07-29T17:41:30","modified_gmt":"2024-07-29T21:41:30","slug":"ce-qui-est-inclus","status":"publish","type":"page","link":"https:\/\/chiffondolls.ca\/fr\/ce-qui-est-inclus\/","title":{"rendered":"Ce qui est inclus"},"content":{"rendered":"<p><img decoding=\"async\" class=\"alignnone wp-image-758 size-full\" src=\"https:\/\/chiffondolls.ca\/fr\/wp-content\/uploads\/2024\/07\/bullet2.png\" alt=\"bullet\" width=\"18\" height=\"18\" \/>\u00a0Votre chaton a une garantie de 5 ans sur la g\u00e9n\u00e9tique et 2 ans pour la PIF; nous sommes fiers d&#8217;offrir une telle garantie et nous pouvons le faire \u00e0 cause du vaste testing que nous effectuons sur les parents. Des parents en bonne sant\u00e9 ont une bien meilleure chance de produire des chatons en sant\u00e9.<\/p>\n<p><img decoding=\"async\" class=\"alignnone wp-image-758 size-full\" src=\"https:\/\/chiffondolls.ca\/fr\/wp-content\/uploads\/2024\/07\/bullet2.png\" alt=\"bullet\" width=\"18\" height=\"18\" \/> La vaccination sera \u00e0 jour et le journal m\u00e9dical du chaton sera fournit aux nouveaux parents; incluant nos recommandations et celles de notre v\u00e9t\u00e9rinaire. Quand votre chaton quittera Chiffondolls, il aura d\u00e9j\u00e0 vu notre v\u00e9t\u00e9rinaire \u00e0 deux reprises et aura eu ses deux premiers vaccins (3dans1) \u00e0 l&#8217;\u00e2ge de 8 et 12 semaines.<\/p>\n<p><img decoding=\"async\" class=\"alignnone wp-image-758 size-full\" src=\"https:\/\/chiffondolls.ca\/fr\/wp-content\/uploads\/2024\/07\/bullet2.png\" alt=\"bullet\" width=\"18\" height=\"18\" \/> Un vermifuge appropri\u00e9 \u00e0 l&#8217;\u00e2ge du chaton aura d\u00e9j\u00e0 \u00e9t\u00e9 administr\u00e9.<\/p>\n<p><img decoding=\"async\" class=\"alignnone wp-image-758 size-full\" src=\"https:\/\/chiffondolls.ca\/fr\/wp-content\/uploads\/2024\/07\/bullet2.png\" alt=\"bullet\" width=\"18\" height=\"18\" \/> Une copie du pedigree du p\u00e8re et de la m\u00e8re vous sera remit.<\/p>\n<p><img decoding=\"async\" class=\"alignnone wp-image-758 size-full\" src=\"https:\/\/chiffondolls.ca\/fr\/wp-content\/uploads\/2024\/07\/bullet2.png\" alt=\"bullet\" width=\"18\" height=\"18\" \/> L&#8217;enregistrement avec une association (CFA) est inclus dans nos prix.<\/p>\n<p><img decoding=\"async\" class=\"alignnone wp-image-758 size-full\" src=\"https:\/\/chiffondolls.ca\/fr\/wp-content\/uploads\/2024\/07\/bullet2.png\" alt=\"bullet\" width=\"18\" height=\"18\" \/> Les ragdolls de compagnie et les ragdolls de qualit\u00e9 show (op\u00e9r\u00e9) auront d\u00e9j\u00e0 subit la st\u00e9rilisation \/ castration avant leur d\u00e9part. Le prix de cet op\u00e9ration \u00e9tant inclus dans nos prix.<\/p>\n<p><img decoding=\"async\" class=\"alignnone wp-image-758 size-full\" src=\"https:\/\/chiffondolls.ca\/fr\/wp-content\/uploads\/2024\/07\/bullet2.png\" alt=\"bullet\" width=\"18\" height=\"18\" \/> Votre chaton quittera Chiffondolls avec ses jouets favoris, et des instructions pour vous aider avec votre nouveau chaton.<\/p>\n<p><img decoding=\"async\" class=\"alignnone wp-image-758 size-full\" src=\"https:\/\/chiffondolls.ca\/fr\/wp-content\/uploads\/2024\/07\/bullet2.png\" alt=\"bullet\" width=\"18\" height=\"18\" \/> Nous resterons disponible pour des mises-\u00e0-jour, des questions et offrirons le support que vous aurez besoin pour vous aider avec votre chaton tout au long de sa vie.<\/p>\n<p><img decoding=\"async\" class=\"alignnone wp-image-758 size-full\" src=\"https:\/\/chiffondolls.ca\/fr\/wp-content\/uploads\/2024\/07\/bullet2.png\" alt=\"bullet\" width=\"18\" height=\"18\" \/> Et, en dernier lieu, votre chaton vient avec un contrat qui sera sign\u00e9 par nous et que vous devrez \u00e9galement signer. Ces contrats sont con\u00e7us pour prot\u00e9ger toutes les parties impliqu\u00e9es, incluant le bien-\u00eatre et la protection de votre chaton.<\/p>\n<p><img decoding=\"async\" class=\"alignnone wp-image-758 size-full\" src=\"https:\/\/chiffondolls.ca\/fr\/wp-content\/uploads\/2024\/07\/bullet2.png\" alt=\"bullet\" width=\"18\" height=\"18\" \/> La vente d&#8217;un Ragdoll Chiffondolls ne s&#8217;arr\u00eate pas \u00e0 la porte quand vous quittez; pas avec nous. Tout se passe habituellement pour le mieux, mais il arrive \u00e0 l&#8217;occasion que les nouveaux parents ont des inqui\u00e9tudes ou des questions; et, \u00e0 ces moment-l\u00e0 nous ferons tout ce que nous pouvons pour aider. Nous aimons toujours avoir des nouvelles des b\u00e9b\u00e9s que nous vendons, \u00e0 savoir comment ils vont, et nous serons toujours tr\u00e8s heureux de vous aider de quelque fa\u00e7on que ce soit.<\/p>\n<p><img decoding=\"async\" class=\"aligncenter wp-image-759 size-full\" src=\"https:\/\/chiffondolls.ca\/fr\/wp-content\/uploads\/2024\/07\/divider1a.png\" alt=\"divider\" width=\"541\" height=\"55\" srcset=\"https:\/\/chiffondolls.ca\/fr\/wp-content\/uploads\/2024\/07\/divider1a.png 541w, https:\/\/chiffondolls.ca\/fr\/wp-content\/uploads\/2024\/07\/divider1a-450x46.png 450w, https:\/\/chiffondolls.ca\/fr\/wp-content\/uploads\/2024\/07\/divider1a-250x25.png 250w\" sizes=\"(max-width: 541px) 100vw, 541px\" \/><\/p>\n<p>&nbsp;<\/p>\n","protected":false},"excerpt":{"rendered":"<p>\u00a0Votre chaton a une garantie de 5 ans sur la g\u00e9n\u00e9tique et 2 ans pour la PIF; nous sommes fiers d&#8217;offrir une telle garantie et nous pouvons le faire \u00e0 cause du vaste testing que nous effectuons sur les parents. Des parents en bonne sant\u00e9 ont une bien meilleure chance de produire des chatons en &#8230; <a title=\"Ce qui est inclus\" class=\"read-more\" href=\"https:\/\/chiffondolls.ca\/fr\/ce-qui-est-inclus\/\" aria-label=\"Read more about Ce qui est inclus\">Read more<\/a><\/p>\n","protected":false},"author":1,"featured_media":0,"parent":0,"menu_order":0,"comment_status":"closed","ping_status":"closed","template":"","meta":{"footnotes":"","_wp_rev_ctl_limit":""},"class_list":["post-189","page","type-page","status-publish"],"aioseo_notices":[],"_links":{"self":[{"href":"https:\/\/chiffondolls.ca\/fr\/wp-json\/wp\/v2\/pages\/189","targetHints":{"allow":["GET"]}}],"collection":[{"href":"https:\/\/chiffondolls.ca\/fr\/wp-json\/wp\/v2\/pages"}],"about":[{"href":"https:\/\/chiffondolls.ca\/fr\/wp-json\/wp\/v2\/types\/page"}],"author":[{"embeddable":true,"href":"https:\/\/chiffondolls.ca\/fr\/wp-json\/wp\/v2\/users\/1"}],"replies":[{"embeddable":true,"href":"https:\/\/chiffondolls.ca\/fr\/wp-json\/wp\/v2\/comments?post=189"}],"version-history":[{"count":3,"href":"https:\/\/chiffondolls.ca\/fr\/wp-json\/wp\/v2\/pages\/189\/revisions"}],"predecessor-version":[{"id":776,"href":"https:\/\/chiffondolls.ca\/fr\/wp-json\/wp\/v2\/pages\/189\/revisions\/776"}],"wp:attachment":[{"href":"https:\/\/chiffondolls.ca\/fr\/wp-json\/wp\/v2\/media?parent=189"}],"curies":[{"name":"wp","href":"https:\/\/api.w.org\/{rel}","templated":true}]}}