{"id":192,"date":"2018-01-23T21:39:14","date_gmt":"2018-01-23T21:39:14","guid":{"rendered":"https:\/\/chiffondolls.ca\/fr\/?page_id=192"},"modified":"2018-01-29T21:10:58","modified_gmt":"2018-01-29T21:10:58","slug":"sante-des-chatons","status":"publish","type":"page","link":"https:\/\/chiffondolls.ca\/fr\/sante-des-chatons\/","title":{"rendered":"Sant\u00e9 des chatons"},"content":{"rendered":"<p><span style=\"color: #ffffff; font-size: 12pt;\"><strong>Comment vont nos Chiffondolls &#8230;<\/strong><\/span><\/p>\n<p>C&#8217;est toujours un immense plaisir pour nous de recevoir des nouvelles d&#8217;un chaton que nous avons vendu dans le pass\u00e9. Qu&#8217;ils aient 8 mois ou 8 ans, c&#8217;est un vrai r\u00e9gal de visionner des photos et de vous lire. D&#8217;entendre qu&#8217;ils vont bien et qu&#8217;ils prosp\u00e8rent est incroyable; mais de recevoir des courriels avec des questions de sant\u00e9 ou quoi que ce soit que vous estimez important, est \u00e9galement toujours bienvenue.<\/p>\n<p><span style=\"color: #ffffff; font-size: 12pt;\"><strong>Des parents en bonne sant\u00e9 produisent des b\u00e9b\u00e9s en\u00a0sant\u00e9!!!<\/strong><\/span><\/p>\n<p>Tous nos ragdolls sont tester\u00a0pour\u00a0le FeLV et le FIV pour s&#8217;assurer qu&#8217;ils sont n\u00e9gatifs. \u00a0\u00c0 travers l&#8217;ADN, nous\u00a0effectuons les analyses n\u00e9cessaires pour le HCM (les deux mutations),\u00a0et on s&#8217;assure qu&#8217;aucun\u00a0d&#8217;entre eux ne souffre d&#8217;un souffle cardiaque avant que ne\u00a0d\u00e9bute leur carri\u00e8re de &#8221;breeder&#8221;.\u00a0\u00a0Quand \u00e7a s&#8217;av\u00e8re n\u00e9cessaire, des analyses\u00a0sont effectu\u00e9es pour confirmer la couleur.<\/p>\n<p>Tout le testing que nous effectuons est assez vaste, mais nous croyons fermement que des parents en bonne sant\u00e9 produisent des b\u00e9b\u00e9s en sant\u00e9.\u00a0 Parce que notre premi\u00e8re priorit\u00e9 chez Chiffondolls est justement de produire des b\u00e9b\u00e9s en sant\u00e9, le testing est d\u00e9finitivement une priorit\u00e9.<\/p>\n<p>Soyez prudents par contre &#8230; plusieurs \u00e9leveurs pr\u00e9tendent faire tous ces examens, quant en fait, ils n&#8217;en font rien.\u00a0\u00a0Nous vous fournirons, sur demande, une copie de tous les documents m\u00e9dicaux supportant les r\u00e9sultats que nous avan\u00e7ons \u00e0 propos des parents du chaton que vous obtiendrez chez nous.<\/p>\n<p>C&#8217;est \u00e0 cause de toutes ces pr\u00e9cautions que nous sommes confortables d&#8217;offrir une garantie de 5 ans sur nos chatons.\u00a0 Il est \u00e0 noter que cette garantie fait partie\u00a0de nos contrats.<\/p>\n<p style=\"text-align: center;\">Nos Ragdolls ne sont jamais mis en cage<\/p>\n<p><img fetchpriority=\"high\" decoding=\"async\" class=\"size-full wp-image-116 aligncenter\" src=\"https:\/\/chiffondolls.ca\/fr\/wp-content\/uploads\/2018\/01\/pic6.jpg\" alt=\"\" width=\"629\" height=\"392\" srcset=\"https:\/\/chiffondolls.ca\/fr\/wp-content\/uploads\/2018\/01\/pic6.jpg 629w, https:\/\/chiffondolls.ca\/fr\/wp-content\/uploads\/2018\/01\/pic6-200x125.jpg 200w, https:\/\/chiffondolls.ca\/fr\/wp-content\/uploads\/2018\/01\/pic6-400x249.jpg 400w\" sizes=\"(max-width: 629px) 100vw, 629px\" \/><\/p>\n<p>&nbsp;<\/p>\n","protected":false},"excerpt":{"rendered":"<p>Comment vont nos Chiffondolls &#8230; C&#8217;est toujours un immense plaisir pour nous de recevoir des nouvelles d&#8217;un chaton que nous avons vendu dans le pass\u00e9. Qu&#8217;ils aient 8 mois ou 8 ans, c&#8217;est un vrai r\u00e9gal de visionner des photos et de vous lire. D&#8217;entendre qu&#8217;ils vont bien et qu&#8217;ils prosp\u00e8rent est incroyable; mais de &#8230; <a title=\"Sant\u00e9 des chatons\" class=\"read-more\" href=\"https:\/\/chiffondolls.ca\/fr\/sante-des-chatons\/\" aria-label=\"Read more about Sant\u00e9 des chatons\">Read more<\/a><\/p>\n","protected":false},"author":1,"featured_media":0,"parent":0,"menu_order":0,"comment_status":"closed","ping_status":"closed","template":"","meta":{"footnotes":"","_wp_rev_ctl_limit":""},"class_list":["post-192","page","type-page","status-publish"],"aioseo_notices":[],"_links":{"self":[{"href":"https:\/\/chiffondolls.ca\/fr\/wp-json\/wp\/v2\/pages\/192","targetHints":{"allow":["GET"]}}],"collection":[{"href":"https:\/\/chiffondolls.ca\/fr\/wp-json\/wp\/v2\/pages"}],"about":[{"href":"https:\/\/chiffondolls.ca\/fr\/wp-json\/wp\/v2\/types\/page"}],"author":[{"embeddable":true,"href":"https:\/\/chiffondolls.ca\/fr\/wp-json\/wp\/v2\/users\/1"}],"replies":[{"embeddable":true,"href":"https:\/\/chiffondolls.ca\/fr\/wp-json\/wp\/v2\/comments?post=192"}],"version-history":[{"count":3,"href":"https:\/\/chiffondolls.ca\/fr\/wp-json\/wp\/v2\/pages\/192\/revisions"}],"predecessor-version":[{"id":357,"href":"https:\/\/chiffondolls.ca\/fr\/wp-json\/wp\/v2\/pages\/192\/revisions\/357"}],"wp:attachment":[{"href":"https:\/\/chiffondolls.ca\/fr\/wp-json\/wp\/v2\/media?parent=192"}],"curies":[{"name":"wp","href":"https:\/\/api.w.org\/{rel}","templated":true}]}}