{"id":377,"date":"2018-01-30T17:51:54","date_gmt":"2018-01-30T17:51:54","guid":{"rendered":"https:\/\/chiffondolls.ca\/fr\/?page_id=377"},"modified":"2024-07-29T18:20:12","modified_gmt":"2024-07-29T22:20:12","slug":"nos-liens-preferes","status":"publish","type":"page","link":"https:\/\/chiffondolls.ca\/fr\/nos-liens-preferes\/","title":{"rendered":"Nos liens pr\u00e9f\u00e9r\u00e9s"},"content":{"rendered":"<p><img decoding=\"async\" class=\"alignnone wp-image-378 size-full aligncenter\" src=\"https:\/\/chiffondolls.ca\/fr\/wp-content\/uploads\/2018\/01\/chatoclindoeil.gif\" alt=\"\" width=\"132\" height=\"100\" \/><\/p>\n<p style=\"text-align: center;\"><a href=\"http:\/\/cfa.org\" target=\"_blank\" rel=\"noopener\"><img decoding=\"async\" class=\"alignnone wp-image-384 size-full\" src=\"https:\/\/chiffondolls.ca\/fr\/wp-content\/uploads\/2018\/01\/CFAlink.gif\" alt=\"\" width=\"125\" height=\"160\" \/><\/a>\u00a0 \u00a0 \u00a0 \u00a0<a href=\"https:\/\/tica.org\" target=\"_blank\" rel=\"noopener\"><img decoding=\"async\" class=\"alignnone wp-image-388 size-full\" src=\"https:\/\/chiffondolls.ca\/fr\/wp-content\/uploads\/2018\/01\/logoTICA.gif\" alt=\"\" width=\"126\" height=\"72\" \/><\/a><\/p>\n<p>&nbsp;<\/p>\n<p><img loading=\"lazy\" decoding=\"async\" class=\"size-full wp-image-759 aligncenter\" src=\"https:\/\/chiffondolls.ca\/fr\/wp-content\/uploads\/2024\/07\/divider1a.png\" alt=\"divider\" width=\"541\" height=\"55\" srcset=\"https:\/\/chiffondolls.ca\/fr\/wp-content\/uploads\/2024\/07\/divider1a.png 541w, https:\/\/chiffondolls.ca\/fr\/wp-content\/uploads\/2024\/07\/divider1a-450x46.png 450w, https:\/\/chiffondolls.ca\/fr\/wp-content\/uploads\/2024\/07\/divider1a-250x25.png 250w\" sizes=\"(max-width: 541px) 100vw, 541px\" \/><\/p>\n<p><a href=\"http:\/\/showcatsonline.com\/\" target=\"_blank\" rel=\"noopener\"><img loading=\"lazy\" decoding=\"async\" class=\"aligncenter wp-image-379 size-full\" src=\"https:\/\/chiffondolls.ca\/fr\/wp-content\/uploads\/2018\/01\/ShowCatsOnline-banner.gif\" alt=\"\" width=\"452\" height=\"108\" \/><\/a><\/p>\n<p><img loading=\"lazy\" decoding=\"async\" class=\"size-full wp-image-759 aligncenter\" src=\"https:\/\/chiffondolls.ca\/fr\/wp-content\/uploads\/2024\/07\/divider1a.png\" alt=\"divider\" width=\"541\" height=\"55\" srcset=\"https:\/\/chiffondolls.ca\/fr\/wp-content\/uploads\/2024\/07\/divider1a.png 541w, https:\/\/chiffondolls.ca\/fr\/wp-content\/uploads\/2024\/07\/divider1a-450x46.png 450w, https:\/\/chiffondolls.ca\/fr\/wp-content\/uploads\/2024\/07\/divider1a-250x25.png 250w\" sizes=\"(max-width: 541px) 100vw, 541px\" \/><\/p>\n<p style=\"text-align: center;\"><a href=\"http:\/\/ragdollresearch.org\/\" target=\"_blank\" rel=\"noopener\"><img loading=\"lazy\" decoding=\"async\" class=\"alignnone wp-image-386 size-full\" src=\"https:\/\/chiffondolls.ca\/fr\/wp-content\/uploads\/2018\/01\/HCMLogo.jpg\" alt=\"\" width=\"200\" height=\"200\" \/><\/a><\/p>\n<p><img loading=\"lazy\" decoding=\"async\" class=\"size-full wp-image-759 aligncenter\" src=\"https:\/\/chiffondolls.ca\/fr\/wp-content\/uploads\/2024\/07\/divider1a.png\" alt=\"divider\" width=\"541\" height=\"55\" srcset=\"https:\/\/chiffondolls.ca\/fr\/wp-content\/uploads\/2024\/07\/divider1a.png 541w, https:\/\/chiffondolls.ca\/fr\/wp-content\/uploads\/2024\/07\/divider1a-450x46.png 450w, https:\/\/chiffondolls.ca\/fr\/wp-content\/uploads\/2024\/07\/divider1a-250x25.png 250w\" sizes=\"(max-width: 541px) 100vw, 541px\" \/><\/p>\n<p><a href=\"http:\/\/www.catkingpin.com\/\"><img loading=\"lazy\" decoding=\"async\" class=\"aligncenter size-full wp-image-469\" src=\"https:\/\/chiffondolls.ca\/fr\/wp-content\/uploads\/2018\/05\/thumbnail_CK-Certified-Breeder-Badge_JPEG.jpg\" alt=\"\" width=\"225\" height=\"75\" srcset=\"https:\/\/chiffondolls.ca\/fr\/wp-content\/uploads\/2018\/05\/thumbnail_CK-Certified-Breeder-Badge_JPEG.jpg 225w, https:\/\/chiffondolls.ca\/fr\/wp-content\/uploads\/2018\/05\/thumbnail_CK-Certified-Breeder-Badge_JPEG-200x67.jpg 200w\" sizes=\"(max-width: 225px) 100vw, 225px\" \/><\/a><\/p>\n<p><img loading=\"lazy\" decoding=\"async\" class=\"size-full wp-image-759 aligncenter\" src=\"https:\/\/chiffondolls.ca\/fr\/wp-content\/uploads\/2024\/07\/divider1a.png\" alt=\"divider\" width=\"541\" height=\"55\" srcset=\"https:\/\/chiffondolls.ca\/fr\/wp-content\/uploads\/2024\/07\/divider1a.png 541w, https:\/\/chiffondolls.ca\/fr\/wp-content\/uploads\/2024\/07\/divider1a-450x46.png 450w, https:\/\/chiffondolls.ca\/fr\/wp-content\/uploads\/2024\/07\/divider1a-250x25.png 250w\" sizes=\"(max-width: 541px) 100vw, 541px\" \/><\/p>\n<h3><img loading=\"lazy\" decoding=\"async\" class=\"alignnone wp-image-758 size-full\" src=\"https:\/\/chiffondolls.ca\/fr\/wp-content\/uploads\/2024\/07\/bullet2.png\" alt=\"bullet\" width=\"18\" height=\"18\" \/>\u00a0<span style=\"color: #ffffff;\">\u00c9tablir un lien avec nous?<\/span><\/h3>\n<p>Si vous voulez \u00e9tablir un lien entre votre site et le n\u00f4tre, vous n&#8217;avez qu&#8217;\u00e0 sauvegarder\u00a0la banni\u00e8re ci-bas et \u00e9tablir le lien vers http:\/\/www.chiffondolls.ca.\u00a0 Merci!<\/p>\n<p><img loading=\"lazy\" decoding=\"async\" class=\"size-full wp-image-399 alignnone\" src=\"https:\/\/chiffondolls.ca\/fr\/wp-content\/uploads\/2018\/01\/chifbanner.jpg\" alt=\"\" width=\"460\" height=\"61\" srcset=\"https:\/\/chiffondolls.ca\/fr\/wp-content\/uploads\/2018\/01\/chifbanner.jpg 460w, https:\/\/chiffondolls.ca\/fr\/wp-content\/uploads\/2018\/01\/chifbanner-200x27.jpg 200w, https:\/\/chiffondolls.ca\/fr\/wp-content\/uploads\/2018\/01\/chifbanner-400x53.jpg 400w\" sizes=\"(max-width: 460px) 100vw, 460px\" \/><\/p>\n","protected":false},"excerpt":{"rendered":"<p>\u00a0 \u00a0 \u00a0 \u00a0 &nbsp; \u00a0\u00c9tablir un lien avec nous? Si vous voulez \u00e9tablir un lien entre votre site et le n\u00f4tre, vous n&#8217;avez qu&#8217;\u00e0 sauvegarder\u00a0la banni\u00e8re ci-bas et \u00e9tablir le lien vers http:\/\/www.chiffondolls.ca.\u00a0 Merci!<\/p>\n","protected":false},"author":1,"featured_media":0,"parent":0,"menu_order":0,"comment_status":"closed","ping_status":"closed","template":"","meta":{"footnotes":"","_wp_rev_ctl_limit":""},"class_list":["post-377","page","type-page","status-publish"],"aioseo_notices":[],"_links":{"self":[{"href":"https:\/\/chiffondolls.ca\/fr\/wp-json\/wp\/v2\/pages\/377","targetHints":{"allow":["GET"]}}],"collection":[{"href":"https:\/\/chiffondolls.ca\/fr\/wp-json\/wp\/v2\/pages"}],"about":[{"href":"https:\/\/chiffondolls.ca\/fr\/wp-json\/wp\/v2\/types\/page"}],"author":[{"embeddable":true,"href":"https:\/\/chiffondolls.ca\/fr\/wp-json\/wp\/v2\/users\/1"}],"replies":[{"embeddable":true,"href":"https:\/\/chiffondolls.ca\/fr\/wp-json\/wp\/v2\/comments?post=377"}],"version-history":[{"count":8,"href":"https:\/\/chiffondolls.ca\/fr\/wp-json\/wp\/v2\/pages\/377\/revisions"}],"predecessor-version":[{"id":785,"href":"https:\/\/chiffondolls.ca\/fr\/wp-json\/wp\/v2\/pages\/377\/revisions\/785"}],"wp:attachment":[{"href":"https:\/\/chiffondolls.ca\/fr\/wp-json\/wp\/v2\/media?parent=377"}],"curies":[{"name":"wp","href":"https:\/\/api.w.org\/{rel}","templated":true}]}}