{"id":5,"date":"2018-01-21T21:35:03","date_gmt":"2018-01-21T21:35:03","guid":{"rendered":"https:\/\/chiffondolls.ca\/fr\/?page_id=5"},"modified":"2026-04-06T13:30:34","modified_gmt":"2026-04-06T17:30:34","slug":"accueil","status":"publish","type":"page","link":"https:\/\/chiffondolls.ca\/fr\/","title":{"rendered":"Accueil"},"content":{"rendered":"<p><span style=\"font-size: 10pt;\"><b><i>MISES \u00c0 JOUR le 6 avril 2026.<br \/>\n<\/i><\/b><\/span><span style=\"font-size: 10pt;\"><b><i><br \/>\n<\/i><\/b><\/span><\/p>\n<p><img decoding=\"async\" class=\"wp-image-759 size-full aligncenter\" src=\"https:\/\/chiffondolls.ca\/fr\/wp-content\/uploads\/2024\/07\/divider1a.png\" alt=\"divider\" width=\"541\" height=\"55\" srcset=\"https:\/\/chiffondolls.ca\/fr\/wp-content\/uploads\/2024\/07\/divider1a.png 541w, https:\/\/chiffondolls.ca\/fr\/wp-content\/uploads\/2024\/07\/divider1a-450x46.png 450w, https:\/\/chiffondolls.ca\/fr\/wp-content\/uploads\/2024\/07\/divider1a-250x25.png 250w\" sizes=\"(max-width: 541px) 100vw, 541px\" \/><\/p>\n<h2 style=\"text-align: center;\"><span style=\"font-size: 36pt;\">Les Manchettes<\/span><\/h2>\n<p><img decoding=\"async\" class=\"wp-image-759 size-full aligncenter\" src=\"https:\/\/chiffondolls.ca\/fr\/wp-content\/uploads\/2024\/07\/divider1a.png\" alt=\"divider\" width=\"541\" height=\"55\" srcset=\"https:\/\/chiffondolls.ca\/fr\/wp-content\/uploads\/2024\/07\/divider1a.png 541w, https:\/\/chiffondolls.ca\/fr\/wp-content\/uploads\/2024\/07\/divider1a-450x46.png 450w, https:\/\/chiffondolls.ca\/fr\/wp-content\/uploads\/2024\/07\/divider1a-250x25.png 250w\" sizes=\"(max-width: 541px) 100vw, 541px\" \/><\/p>\n<h3><\/h3>\n<h3 style=\"text-align: center;\">CFA CH KissyKat Wish Upon A Star of Chiffondolls (Saphire)<\/h3>\n<p style=\"text-align: center;\">Cette photo a \u00e9t\u00e9 prise par le merveilleux photographe Larry Johnson<br \/>\nen avril 2018 quand Saphire approchait son 10e anniversaire!!!<\/p>\n<p><img fetchpriority=\"high\" decoding=\"async\" class=\"size-full wp-image-803 aligncenter\" src=\"https:\/\/chiffondolls.ca\/fr\/wp-content\/uploads\/2024\/08\/star.jpg\" alt=\"star\" width=\"395\" height=\"401\" srcset=\"https:\/\/chiffondolls.ca\/fr\/wp-content\/uploads\/2024\/08\/star.jpg 395w, https:\/\/chiffondolls.ca\/fr\/wp-content\/uploads\/2024\/08\/star-246x250.jpg 246w\" sizes=\"(max-width: 395px) 100vw, 395px\" \/><\/p>\n<p>&nbsp;<\/p>\n<p><img decoding=\"async\" class=\"wp-image-759 size-full aligncenter\" src=\"https:\/\/chiffondolls.ca\/fr\/wp-content\/uploads\/2024\/07\/divider1a.png\" alt=\"divider\" width=\"541\" height=\"55\" srcset=\"https:\/\/chiffondolls.ca\/fr\/wp-content\/uploads\/2024\/07\/divider1a.png 541w, https:\/\/chiffondolls.ca\/fr\/wp-content\/uploads\/2024\/07\/divider1a-450x46.png 450w, https:\/\/chiffondolls.ca\/fr\/wp-content\/uploads\/2024\/07\/divider1a-250x25.png 250w\" sizes=\"(max-width: 541px) 100vw, 541px\" \/><\/p>\n<h2 style=\"text-align: center;\">Notre belle Smitten sur la banni\u00e8re du 10e<br \/>\nCongr\u00e8s international des Ragdolls<\/h2>\n<p><img decoding=\"async\" class=\"aligncenter wp-image-14 size-full\" src=\"https:\/\/chiffondolls.ca\/fr\/wp-content\/uploads\/2018\/01\/10thircbanner.png\" alt=\"\" width=\"453\" height=\"155\" srcset=\"https:\/\/chiffondolls.ca\/fr\/wp-content\/uploads\/2018\/01\/10thircbanner.png 453w, https:\/\/chiffondolls.ca\/fr\/wp-content\/uploads\/2018\/01\/10thircbanner-200x68.png 200w, https:\/\/chiffondolls.ca\/fr\/wp-content\/uploads\/2018\/01\/10thircbanner-400x137.png 400w\" sizes=\"(max-width: 453px) 100vw, 453px\" \/><\/p>\n<p><img decoding=\"async\" class=\"wp-image-759 size-full aligncenter\" src=\"https:\/\/chiffondolls.ca\/fr\/wp-content\/uploads\/2024\/07\/divider1a.png\" alt=\"divider\" width=\"541\" height=\"55\" srcset=\"https:\/\/chiffondolls.ca\/fr\/wp-content\/uploads\/2024\/07\/divider1a.png 541w, https:\/\/chiffondolls.ca\/fr\/wp-content\/uploads\/2024\/07\/divider1a-450x46.png 450w, https:\/\/chiffondolls.ca\/fr\/wp-content\/uploads\/2024\/07\/divider1a-250x25.png 250w\" sizes=\"(max-width: 541px) 100vw, 541px\" \/><\/p>\n<h2 style=\"text-align: center;\">Nos 3 vedettes apparaissant sur la poche de bouffe<br \/>\nVetDiet de Mondoux<\/h2>\n<p style=\"text-align: center;\"><img loading=\"lazy\" decoding=\"async\" class=\"size-full wp-image-17 aligncenter\" src=\"https:\/\/chiffondolls.ca\/fr\/wp-content\/uploads\/2018\/01\/VetDiet.jpg\" alt=\"\" width=\"360\" height=\"488\" srcset=\"https:\/\/chiffondolls.ca\/fr\/wp-content\/uploads\/2018\/01\/VetDiet.jpg 360w, https:\/\/chiffondolls.ca\/fr\/wp-content\/uploads\/2018\/01\/VetDiet-148x200.jpg 148w, https:\/\/chiffondolls.ca\/fr\/wp-content\/uploads\/2018\/01\/VetDiet-295x400.jpg 295w\" sizes=\"(max-width: 360px) 100vw, 360px\" \/><\/p>\n<p style=\"text-align: center;\">de gauche \u00e0 droite :<br \/>\nCFA GC Supurrrags Santana of Chiffondolls<br \/>\nCFA GP Chiffondolls Loverboy<br \/>\nCFA GC, RW KissyKat MacMac of Chiffondolls<\/p>\n<p><img decoding=\"async\" class=\"wp-image-759 size-full aligncenter\" src=\"https:\/\/chiffondolls.ca\/fr\/wp-content\/uploads\/2024\/07\/divider1a.png\" alt=\"divider\" width=\"541\" height=\"55\" srcset=\"https:\/\/chiffondolls.ca\/fr\/wp-content\/uploads\/2024\/07\/divider1a.png 541w, https:\/\/chiffondolls.ca\/fr\/wp-content\/uploads\/2024\/07\/divider1a-450x46.png 450w, https:\/\/chiffondolls.ca\/fr\/wp-content\/uploads\/2024\/07\/divider1a-250x25.png 250w\" sizes=\"(max-width: 541px) 100vw, 541px\" \/><\/p>\n<h2 style=\"text-align: center;\">MacMac\u00a0qui fait\u00a0la page couverture du magazine<br \/>\n&#8221;Ragdoll World Online&#8221; | \u00c9dition Automne 2014<\/h2>\n<p><img loading=\"lazy\" decoding=\"async\" class=\"aligncenter wp-image-18 size-full\" style=\"border: 0px solid #7a7ba9;\" src=\"https:\/\/chiffondolls.ca\/fr\/wp-content\/uploads\/2018\/01\/CoverRFCIFall2014.jpg\" alt=\"\" width=\"400\" height=\"518\" srcset=\"https:\/\/chiffondolls.ca\/fr\/wp-content\/uploads\/2018\/01\/CoverRFCIFall2014.jpg 400w, https:\/\/chiffondolls.ca\/fr\/wp-content\/uploads\/2018\/01\/CoverRFCIFall2014-154x200.jpg 154w, https:\/\/chiffondolls.ca\/fr\/wp-content\/uploads\/2018\/01\/CoverRFCIFall2014-309x400.jpg 309w\" sizes=\"(max-width: 400px) 100vw, 400px\" \/><\/p>\n<p style=\"text-align: center;\">Cliquez sur l&#8217;image pour acc\u00e9der au site de RFCI<\/p>\n<p><img decoding=\"async\" class=\"wp-image-759 size-full aligncenter\" src=\"https:\/\/chiffondolls.ca\/fr\/wp-content\/uploads\/2024\/07\/divider1a.png\" alt=\"divider\" width=\"541\" height=\"55\" srcset=\"https:\/\/chiffondolls.ca\/fr\/wp-content\/uploads\/2024\/07\/divider1a.png 541w, https:\/\/chiffondolls.ca\/fr\/wp-content\/uploads\/2024\/07\/divider1a-450x46.png 450w, https:\/\/chiffondolls.ca\/fr\/wp-content\/uploads\/2024\/07\/divider1a-250x25.png 250w\" sizes=\"(max-width: 541px) 100vw, 541px\" \/><\/p>\n<h2 style=\"text-align: center;\">CFA GC, RW\u00a0KissyKat MacMac of Chiffondolls<\/h2>\n<p><img loading=\"lazy\" decoding=\"async\" class=\"wp-image-805 size-full aligncenter\" src=\"https:\/\/chiffondolls.ca\/fr\/wp-content\/uploads\/2024\/08\/macmac.jpg\" alt=\"macmac\" width=\"484\" height=\"538\" srcset=\"https:\/\/chiffondolls.ca\/fr\/wp-content\/uploads\/2024\/08\/macmac.jpg 484w, https:\/\/chiffondolls.ca\/fr\/wp-content\/uploads\/2024\/08\/macmac-405x450.jpg 405w, https:\/\/chiffondolls.ca\/fr\/wp-content\/uploads\/2024\/08\/macmac-225x250.jpg 225w\" sizes=\"(max-width: 484px) 100vw, 484px\" \/><\/p>\n<p>&nbsp;<\/p>\n<p style=\"text-align: center;\"><span style=\"font-size: 10pt;\">Photo prise par son \u00e9leveur Kathleen<\/span><\/p>\n<p style=\"text-align: center;\">Chiffondolls accueil une autre petite merveille de chez KizzyKat.<br \/>\nUn \u00e9norme merci \u00e0 Kathleen pour cette opportunit\u00e9 en or,<br \/>\net de nous faire confiance avec ce magnifique garcon.<\/p>\n<p style=\"text-align: center;\">Nous sommes vraiment heureux de l&#8217;accueillir dans notre<br \/>\nprogramme d&#8217;\u00e9levage &#8230; Mille Merci !!!<\/p>\n<p style=\"text-align: center;\"><span style=\"color: #ffffff;\">Mac a assist\u00e9 \u00e0 son tout premier Show le week-end apr\u00e8s son arriv\u00e9e avec nous.<\/span><br \/>\n<span style=\"color: #ffffff;\"> (Concord, NH les 4 et 5 mai 2013)<\/span><br \/>\n<span style=\"color: #ffffff;\"> Et nous a fait toute une surprise en devenant un Grand Champion<\/span><br \/>\n<span style=\"color: #ffffff;\"> \u00e0 la CFA en un seul Show &#8230; tout un accomplissement pour notre petit poussinet !!!<\/span><\/p>\n<p><img loading=\"lazy\" decoding=\"async\" class=\"wp-image-804 size-full aligncenter\" src=\"https:\/\/chiffondolls.ca\/fr\/wp-content\/uploads\/2024\/08\/macmac2.jpg\" alt=\"macmac\" width=\"644\" height=\"458\" srcset=\"https:\/\/chiffondolls.ca\/fr\/wp-content\/uploads\/2024\/08\/macmac2.jpg 644w, https:\/\/chiffondolls.ca\/fr\/wp-content\/uploads\/2024\/08\/macmac2-450x320.jpg 450w, https:\/\/chiffondolls.ca\/fr\/wp-content\/uploads\/2024\/08\/macmac2-250x178.jpg 250w\" sizes=\"(max-width: 644px) 100vw, 644px\" \/><\/p>\n<p style=\"text-align: center;\"><span style=\"font-size: 10pt;\">Cette photo a \u00e9t\u00e9 prise lors du Show tenu \u00e0 Cambridge, Ontario en mai 2013<\/span><\/p>\n<p style=\"text-align: center;\">Il nous a ensuite donn\u00e9 ce que nous ne nous attendions pas du tout.<br \/>\nNous avons d\u00e9cid\u00e9 de le show\u00e9 en tant que Grand Champion pour voir<br \/>\nou \u00e7a pouvait nous mener.\u00a0 &#8221;Oh my god&#8221; est tout ce que nous pouvons dire loll.<br \/>\nMac a tenue la premi\u00e8re position du meilleur ragdoll au monde pendant les<br \/>\n10 premiers mois de la saison de show 2013-2014.<br \/>\nIl s&#8217;est ramass\u00e9 2e par un petit 41 points, mais a tout de m\u00eame<br \/>\nr\u00e9ussi \u00e0 accumuler\u00a04,500 points en battant des chats toute-races\u00a0de la m\u00eame cat\u00e9gorie.<\/p>\n<p style=\"text-align: center;\">Nous sommes fiers sans bon sens que notre Prince a \u00e9galement<br \/>\ndonn\u00e9 \u00e0 Chiffondolls notre tout premier titre de &#8221;Regional Winner&#8221; terminant<br \/>\n9e meilleur chat \/ toutes races dans notre r\u00e9gion du Nord de l&#8217;Atlantique.<\/p>\n<p style=\"text-align: center;\">Mon coeur t&#8217;appartient \u00e0 jamais mon MacMac d&#8217;amour.<br \/>\nBravo mon Prince!!<\/p>\n<p style=\"text-align: center;\">Aux juges qui l&#8217;ont utilis\u00e9 dans leurs finales et ont crus en lui<br \/>\ntout au long de l&#8217;ann\u00e9e &#8230; nos remerciements les plus sinc\u00e8res\u00a0ne traduisent pas<br \/>\nla gratitude que nous ressentons.\u00a0 Merci, merci et merci!!!<\/p>\n<p style=\"text-align: center;\"><span style=\"color: #800000; font-size: 10pt;\">Photo prise par Larry Johnson<\/span><br \/>\n<span style=\"color: #800000; font-size: 10pt;\">lors du banquet pour la R\u00e9gion du Nord de l&#8217;Atlantique 2014<\/span><\/p>\n<p><img loading=\"lazy\" decoding=\"async\" class=\"wp-image-806 size-full aligncenter\" src=\"https:\/\/chiffondolls.ca\/fr\/wp-content\/uploads\/2024\/08\/awards.jpg\" alt=\"awards\" width=\"484\" height=\"538\" srcset=\"https:\/\/chiffondolls.ca\/fr\/wp-content\/uploads\/2024\/08\/awards.jpg 484w, https:\/\/chiffondolls.ca\/fr\/wp-content\/uploads\/2024\/08\/awards-405x450.jpg 405w, https:\/\/chiffondolls.ca\/fr\/wp-content\/uploads\/2024\/08\/awards-225x250.jpg 225w\" sizes=\"(max-width: 484px) 100vw, 484px\" \/><\/p>\n<p><img decoding=\"async\" class=\"wp-image-759 size-full aligncenter\" src=\"https:\/\/chiffondolls.ca\/fr\/wp-content\/uploads\/2024\/07\/divider1a.png\" alt=\"divider\" width=\"541\" height=\"55\" srcset=\"https:\/\/chiffondolls.ca\/fr\/wp-content\/uploads\/2024\/07\/divider1a.png 541w, https:\/\/chiffondolls.ca\/fr\/wp-content\/uploads\/2024\/07\/divider1a-450x46.png 450w, https:\/\/chiffondolls.ca\/fr\/wp-content\/uploads\/2024\/07\/divider1a-250x25.png 250w\" sizes=\"(max-width: 541px) 100vw, 541px\" \/><img loading=\"lazy\" decoding=\"async\" class=\"alignnone size-full wp-image-25 aligncenter\" src=\"https:\/\/chiffondolls.ca\/fr\/wp-content\/uploads\/2018\/01\/EasterBuddies.gif\" alt=\"\" width=\"155\" height=\"153\" \/><img decoding=\"async\" class=\"wp-image-759 size-full aligncenter\" src=\"https:\/\/chiffondolls.ca\/fr\/wp-content\/uploads\/2024\/07\/divider1a.png\" alt=\"divider\" width=\"541\" height=\"55\" srcset=\"https:\/\/chiffondolls.ca\/fr\/wp-content\/uploads\/2024\/07\/divider1a.png 541w, https:\/\/chiffondolls.ca\/fr\/wp-content\/uploads\/2024\/07\/divider1a-450x46.png 450w, https:\/\/chiffondolls.ca\/fr\/wp-content\/uploads\/2024\/07\/divider1a-250x25.png 250w\" sizes=\"(max-width: 541px) 100vw, 541px\" \/><\/p>\n<h2 style=\"text-align: center;\">CFA GP LionRoyale Whippette Delite of Chiffondolls<\/h2>\n<p style=\"text-align: center;\"><span style=\"color: #800000; font-size: 14pt;\">Whippette passe \u00e0 l&#8217;histoire avec la CFA<\/span><br \/>\nen devenant la premi\u00e8re Ragdoll &#8221;Colorpoint&#8221; \u00e0 atteindre le titre<br \/>\nde Grande Championne depuis l&#8217;acceptation de ce patron en mai 2008<\/p>\n<p><img loading=\"lazy\" decoding=\"async\" class=\"wp-image-807 size-full aligncenter\" src=\"https:\/\/chiffondolls.ca\/fr\/wp-content\/uploads\/2024\/08\/show.jpg\" alt=\"\" width=\"644\" height=\"458\" srcset=\"https:\/\/chiffondolls.ca\/fr\/wp-content\/uploads\/2024\/08\/show.jpg 644w, https:\/\/chiffondolls.ca\/fr\/wp-content\/uploads\/2024\/08\/show-450x320.jpg 450w, https:\/\/chiffondolls.ca\/fr\/wp-content\/uploads\/2024\/08\/show-250x178.jpg 250w\" sizes=\"(max-width: 644px) 100vw, 644px\" \/><\/p>\n<p><img decoding=\"async\" class=\"wp-image-759 size-full aligncenter\" src=\"https:\/\/chiffondolls.ca\/fr\/wp-content\/uploads\/2024\/07\/divider1a.png\" alt=\"divider\" width=\"541\" height=\"55\" srcset=\"https:\/\/chiffondolls.ca\/fr\/wp-content\/uploads\/2024\/07\/divider1a.png 541w, https:\/\/chiffondolls.ca\/fr\/wp-content\/uploads\/2024\/07\/divider1a-450x46.png 450w, https:\/\/chiffondolls.ca\/fr\/wp-content\/uploads\/2024\/07\/divider1a-250x25.png 250w\" sizes=\"(max-width: 541px) 100vw, 541px\" \/><\/p>\n<h2 style=\"text-align: center;\">Un r\u00eave devenu r\u00e9alit\u00e9!<\/h2>\n<h3 style=\"text-align: center;\">Nous vous accueillons bien chaleureusement<br \/>\nsur le site web de Chiffondolls<\/h3>\n<p><img loading=\"lazy\" decoding=\"async\" class=\"wp-image-809 size-full aligncenter\" src=\"https:\/\/chiffondolls.ca\/fr\/wp-content\/uploads\/2024\/08\/shaka1.jpg\" alt=\"shaka\" width=\"395\" height=\"401\" srcset=\"https:\/\/chiffondolls.ca\/fr\/wp-content\/uploads\/2024\/08\/shaka1.jpg 395w, https:\/\/chiffondolls.ca\/fr\/wp-content\/uploads\/2024\/08\/shaka1-246x250.jpg 246w\" sizes=\"(max-width: 395px) 100vw, 395px\" \/><\/p>\n<p style=\"text-align: center;\"><span style=\"font-size: 10pt;\">PR K\u00e9b\u00e9kat Abracadabra Shaka of Chiffondolls<\/span><br \/>\n<span style=\"font-size: 10pt;\">Blue Bicolor &#8211; Champion de la CFA et de la CCA (division des op\u00e9r\u00e9s)<\/span><\/p>\n<p>Si vous ne connaissez pas cette race de chats, pr\u00e9parez-vous \u00e0 tomber en amour avec eux tel que nous. La personnalit\u00e9 de ces minets est incroyable. Ce sont de gros ronronneurs qui adorent leurs humains \u00e0 la folie. Ils vous suivront partout dans la maison et feront \u00e0 peu pr\u00e8s tout pour attirer votre attention et susciter vos caresses. Le toilettage de ces minets aux yeux bleu, n&#8217;a pas besoin d&#8217;une grande attention; leur fourrure \u00e9tant douce comme celle d&#8217;un lapin, elle ne se m\u00eale pas en noeuds facilement.<\/p>\n<p>Venez rencontrer nos minets \u00e0 un\u00a0show\u00a0et laissez vos mains d\u00e9couvrir l&#8217;exp\u00e9rience &#8221;ragdoll&#8221; ;-)!!!<\/p>\n<p>Le nom de notre chatterie, Chiffondolls, est enregistr\u00e9 avec la CFA et la CCA. Nous sommes \u00e9galement enregistr\u00e9 avec TICA sous le nom Chiffondolzz.<\/p>\n<p>Nous travaillons constamment \u00e0 am\u00e9liorer notre site web, et \u00e0 y incorporer une foule d&#8217;information pour votre plaisir. Visitez-nous fr\u00e9quemment pour les mises \u00e0 jour.<\/p>\n<p>Nous accueillons tout commentaires ou suggestions que vous pourriez avoir pour nous. Que ce soit \u00e0 propos de notre \u00e9levage, des expositions f\u00e9lines, ou de notre site web, n&#8217;h\u00e9sitez pas \u00e0 nous \u00e9crire.<\/p>\n<p>Bonne visite!<br \/>\nPurzzzs<\/p>\n<p><img decoding=\"async\" class=\"wp-image-759 size-full aligncenter\" src=\"https:\/\/chiffondolls.ca\/fr\/wp-content\/uploads\/2024\/07\/divider1a.png\" alt=\"divider\" width=\"541\" height=\"55\" srcset=\"https:\/\/chiffondolls.ca\/fr\/wp-content\/uploads\/2024\/07\/divider1a.png 541w, https:\/\/chiffondolls.ca\/fr\/wp-content\/uploads\/2024\/07\/divider1a-450x46.png 450w, https:\/\/chiffondolls.ca\/fr\/wp-content\/uploads\/2024\/07\/divider1a-250x25.png 250w\" sizes=\"(max-width: 541px) 100vw, 541px\" \/><\/p>\n<h2 style=\"text-align: center;\">La motivation derri\u00e8re Chiffondolls<\/h2>\n<p><img loading=\"lazy\" decoding=\"async\" class=\"wp-image-810 size-full aligncenter\" src=\"https:\/\/chiffondolls.ca\/fr\/wp-content\/uploads\/2024\/08\/whipette-1.jpg\" alt=\"whippette\" width=\"395\" height=\"401\" srcset=\"https:\/\/chiffondolls.ca\/fr\/wp-content\/uploads\/2024\/08\/whipette-1.jpg 395w, https:\/\/chiffondolls.ca\/fr\/wp-content\/uploads\/2024\/08\/whipette-1-246x250.jpg 246w\" sizes=\"(max-width: 395px) 100vw, 395px\" \/><\/p>\n<p style=\"text-align: center;\"><span style=\"font-size: 10pt;\">Whippette photographi\u00e9e \u00e0 l&#8217;\u00e2ge de 2 ans<\/span><\/p>\n<p>Ci-haut et ci-bas, vous trouverez nos deux minets d&#8217;expos (division des op\u00e9r\u00e9s).\u00a0 Il est \u00e9vident qu&#8217;ils ne font pas partie de notre\u00a0d&#8217;\u00e9levage,\u00a0mais ils sont d\u00e9finitivement la motivation derri\u00e8re\u00a0Chiffondolls.<\/p>\n<p>La colorpoint lilas (photographi\u00e9 un peu plus haut) est notre b\u00e9b\u00e9 fille LionsRoyale Whippette Delite.\u00a0 Elle est Championne \u00e0 la CCA et Grande Championne \u00e0 la CFA.\u00a0 Whippette est pass\u00e9 \u00e0 l&#8217;histoire avec la CFA en devenant la premi\u00e8re Ragdoll, dans le patron colorpoint, \u00e0 atteindre le titre de Grande Championne avec cette association.\u00a0 Nous ne sommes pas peu\u00a0fiers d&#8217;elle et de cet accomplissement.<\/p>\n<p>Le beau bleu bicolor (ci-bas) est notre gar\u00e7on PR K\u00e9b\u00e9kat Abracadabra Shaka.\u00a0\u00a0 Ce sublime ragdoll est champion \u00e0 la CCA et \u00e0 la CFA.\u00a0 Shaka est maintenant retrait\u00e9 des expositions f\u00e9lines.\u00a0 Il n&#8217;est pas confortable en show et n&#8217;aime pas \u00e7a; il pr\u00e9f\u00e8re\u00a0demeurer \u00e0 la maison et faire du sofa.<\/p>\n<p><img loading=\"lazy\" decoding=\"async\" class=\"wp-image-811 size-full aligncenter\" src=\"https:\/\/chiffondolls.ca\/fr\/wp-content\/uploads\/2024\/08\/shaka1a2.jpg\" alt=\"shaka\" width=\"395\" height=\"401\" srcset=\"https:\/\/chiffondolls.ca\/fr\/wp-content\/uploads\/2024\/08\/shaka1a2.jpg 395w, https:\/\/chiffondolls.ca\/fr\/wp-content\/uploads\/2024\/08\/shaka1a2-246x250.jpg 246w\" sizes=\"(max-width: 395px) 100vw, 395px\" \/><\/p>\n<p style=\"text-align: center;\"><span style=\"font-size: 10pt;\">Shaka \u00e0 5 mois \u00e0 Buffalo NY (expo CFA, nov 2007)<\/span><\/p>\n<p><img loading=\"lazy\" decoding=\"async\" class=\"wp-image-802 size-full aligncenter\" src=\"https:\/\/chiffondolls.ca\/fr\/wp-content\/uploads\/2024\/08\/whippette.jpg\" alt=\"whippette\" width=\"644\" height=\"458\" srcset=\"https:\/\/chiffondolls.ca\/fr\/wp-content\/uploads\/2024\/08\/whippette.jpg 644w, https:\/\/chiffondolls.ca\/fr\/wp-content\/uploads\/2024\/08\/whippette-450x320.jpg 450w, https:\/\/chiffondolls.ca\/fr\/wp-content\/uploads\/2024\/08\/whippette-250x178.jpg 250w\" sizes=\"(max-width: 644px) 100vw, 644px\" \/><\/p>\n<p style=\"text-align: center;\">GP LionsRoyale Whippette Delite of Chiffondolls<br \/>\nLilas Point\u00e9e &#8211; Grande Championne \u00e0 la CFA et Championne \u00e0 la CCA (division des op\u00e9r\u00e9s)<\/p>\n<p><img loading=\"lazy\" decoding=\"async\" class=\"aligncenter wp-image-32 size-full\" style=\"border: 3px solid #575785;\" src=\"https:\/\/chiffondolls.ca\/fr\/wp-content\/uploads\/2018\/01\/clinton-sapphire-coraly-lola-2.jpg\" alt=\"\" width=\"589\" height=\"116\" srcset=\"https:\/\/chiffondolls.ca\/fr\/wp-content\/uploads\/2018\/01\/clinton-sapphire-coraly-lola-2.jpg 589w, https:\/\/chiffondolls.ca\/fr\/wp-content\/uploads\/2018\/01\/clinton-sapphire-coraly-lola-2-200x39.jpg 200w, https:\/\/chiffondolls.ca\/fr\/wp-content\/uploads\/2018\/01\/clinton-sapphire-coraly-lola-2-400x79.jpg 400w\" sizes=\"(max-width: 589px) 100vw, 589px\" \/><\/p>\n<p style=\"text-align: center;\">Cette banni\u00e8re de photos repr\u00e9sente les minets qui ont fait partie de notre foundation originale<br \/>\nDe gauche \u00e0 droite, ils sont Clinton, Saphire, Coraly et Lola<br \/>\nVous pouvez voir d&#8217;autres photos dans notre section de Nos Retrait\u00e9s<\/p>\n<p><img loading=\"lazy\" decoding=\"async\" class=\"size-full wp-image-33 aligncenter\" src=\"https:\/\/chiffondolls.ca\/fr\/wp-content\/uploads\/2018\/01\/CFA-Breed-Council-Logo.gif\" alt=\"\" width=\"400\" height=\"75\" \/><\/p>\n<p><img loading=\"lazy\" decoding=\"async\" class=\"aligncenter size-full wp-image-662\" src=\"https:\/\/chiffondolls.ca\/fr\/wp-content\/uploads\/2023\/01\/2012.gif\" alt=\"\" width=\"400\" height=\"75\" \/><\/p>\n<p><img loading=\"lazy\" decoding=\"async\" class=\"size-full wp-image-34 aligncenter\" src=\"https:\/\/chiffondolls.ca\/fr\/wp-content\/uploads\/2018\/01\/13bc.gif\" alt=\"\" width=\"400\" height=\"75\" \/><\/p>\n<p><img loading=\"lazy\" decoding=\"async\" class=\"size-full wp-image-37 aligncenter\" src=\"https:\/\/chiffondolls.ca\/fr\/wp-content\/uploads\/2018\/01\/14bc.gif\" alt=\"\" width=\"400\" height=\"75\" \/><\/p>\n<p><img loading=\"lazy\" decoding=\"async\" class=\"size-full wp-image-36 aligncenter\" src=\"https:\/\/chiffondolls.ca\/fr\/wp-content\/uploads\/2018\/01\/2015CFA.jpg\" alt=\"\" width=\"400\" height=\"75\" srcset=\"https:\/\/chiffondolls.ca\/fr\/wp-content\/uploads\/2018\/01\/2015CFA.jpg 400w, https:\/\/chiffondolls.ca\/fr\/wp-content\/uploads\/2018\/01\/2015CFA-200x38.jpg 200w\" sizes=\"(max-width: 400px) 100vw, 400px\" \/><\/p>\n<p><img loading=\"lazy\" decoding=\"async\" class=\"size-full wp-image-35 aligncenter\" src=\"https:\/\/chiffondolls.ca\/fr\/wp-content\/uploads\/2018\/01\/16bc.gif\" alt=\"\" width=\"400\" height=\"75\" \/><\/p>\n<p><img decoding=\"async\" class=\"aligncenter\" src=\"http:\/\/www.cfa.org\/portals\/0\/Images\/logos\/17bc.gif\" alt=\"\" \/><\/p>\n<p><img loading=\"lazy\" decoding=\"async\" class=\"aligncenter size-full wp-image-346\" src=\"https:\/\/chiffondolls.ca\/wp-content\/uploads\/2018\/02\/17bc1.gif\" alt=\"\" width=\"400\" height=\"75\" \/><\/p>\n<p><img loading=\"lazy\" decoding=\"async\" class=\"aligncenter size-full wp-image-663\" src=\"https:\/\/chiffondolls.ca\/fr\/wp-content\/uploads\/2023\/01\/2018.gif\" alt=\"\" width=\"400\" height=\"75\" \/><\/p>\n<p><img loading=\"lazy\" decoding=\"async\" class=\"aligncenter size-full wp-image-664\" src=\"https:\/\/chiffondolls.ca\/fr\/wp-content\/uploads\/2023\/01\/2019.gif\" alt=\"\" width=\"400\" height=\"75\" \/><\/p>\n<p><img decoding=\"async\" class=\"aligncenter\" src=\"https:\/\/cfa.org\/wp-content\/uploads\/2020\/02\/20bc.gif\" \/><\/p>\n<p><img loading=\"lazy\" decoding=\"async\" class=\"aligncenter size-full wp-image-642\" src=\"https:\/\/chiffondolls.ca\/fr\/wp-content\/uploads\/2021\/04\/21bcommittee.gif\" alt=\"\" width=\"400\" height=\"75\" \/><\/p>\n<p><img decoding=\"async\" class=\"wp-image-759 size-full aligncenter\" src=\"https:\/\/chiffondolls.ca\/fr\/wp-content\/uploads\/2024\/07\/divider1a.png\" alt=\"divider\" width=\"541\" height=\"55\" srcset=\"https:\/\/chiffondolls.ca\/fr\/wp-content\/uploads\/2024\/07\/divider1a.png 541w, https:\/\/chiffondolls.ca\/fr\/wp-content\/uploads\/2024\/07\/divider1a-450x46.png 450w, https:\/\/chiffondolls.ca\/fr\/wp-content\/uploads\/2024\/07\/divider1a-250x25.png 250w\" sizes=\"(max-width: 541px) 100vw, 541px\" \/><\/p>\n<p><a href=\"http:\/\/www.catkingpin.com\/\"><img loading=\"lazy\" decoding=\"async\" class=\"aligncenter size-full wp-image-469\" src=\"https:\/\/chiffondolls.ca\/fr\/wp-content\/uploads\/2018\/05\/thumbnail_CK-Certified-Breeder-Badge_JPEG.jpg\" alt=\"\" width=\"225\" height=\"75\" srcset=\"https:\/\/chiffondolls.ca\/fr\/wp-content\/uploads\/2018\/05\/thumbnail_CK-Certified-Breeder-Badge_JPEG.jpg 225w, https:\/\/chiffondolls.ca\/fr\/wp-content\/uploads\/2018\/05\/thumbnail_CK-Certified-Breeder-Badge_JPEG-200x67.jpg 200w\" sizes=\"(max-width: 225px) 100vw, 225px\" \/><\/a><\/p>\n","protected":false},"excerpt":{"rendered":"<p>MISES \u00c0 JOUR le 6 avril 2026. Les Manchettes CFA CH KissyKat Wish Upon A Star of Chiffondolls (Saphire) Cette photo a \u00e9t\u00e9 prise par le merveilleux photographe Larry Johnson en avril 2018 quand Saphire approchait son 10e anniversaire!!! &nbsp; Notre belle Smitten sur la banni\u00e8re du 10e Congr\u00e8s international des Ragdolls Nos 3 vedettes &#8230; <a title=\"Accueil\" class=\"read-more\" href=\"https:\/\/chiffondolls.ca\/fr\/\" aria-label=\"Read more about Accueil\">Read more<\/a><\/p>\n","protected":false},"author":1,"featured_media":0,"parent":0,"menu_order":0,"comment_status":"closed","ping_status":"closed","template":"","meta":{"footnotes":"","_wp_rev_ctl_limit":""},"class_list":["post-5","page","type-page","status-publish"],"aioseo_notices":[],"_links":{"self":[{"href":"https:\/\/chiffondolls.ca\/fr\/wp-json\/wp\/v2\/pages\/5","targetHints":{"allow":["GET"]}}],"collection":[{"href":"https:\/\/chiffondolls.ca\/fr\/wp-json\/wp\/v2\/pages"}],"about":[{"href":"https:\/\/chiffondolls.ca\/fr\/wp-json\/wp\/v2\/types\/page"}],"author":[{"embeddable":true,"href":"https:\/\/chiffondolls.ca\/fr\/wp-json\/wp\/v2\/users\/1"}],"replies":[{"embeddable":true,"href":"https:\/\/chiffondolls.ca\/fr\/wp-json\/wp\/v2\/comments?post=5"}],"version-history":[{"count":11,"href":"https:\/\/chiffondolls.ca\/fr\/wp-json\/wp\/v2\/pages\/5\/revisions"}],"predecessor-version":[{"id":821,"href":"https:\/\/chiffondolls.ca\/fr\/wp-json\/wp\/v2\/pages\/5\/revisions\/821"}],"wp:attachment":[{"href":"https:\/\/chiffondolls.ca\/fr\/wp-json\/wp\/v2\/media?parent=5"}],"curies":[{"name":"wp","href":"https:\/\/api.w.org\/{rel}","templated":true}]}}